{"id":210,"date":"2017-12-24T15:46:54","date_gmt":"2017-12-24T15:46:54","guid":{"rendered":"http:\/\/www.asacord.com\/site\/?page_id=210"},"modified":"2017-12-25T23:42:21","modified_gmt":"2017-12-25T23:42:21","slug":"masterclasses","status":"publish","type":"page","link":"https:\/\/www.asacord.com\/site\/21a-s-i-a\/masterclasses\/","title":{"rendered":"Masterclasses"},"content":{"rendered":"<div id=\"pl-210\"  class=\"panel-layout\" ><div id=\"pg-210-0\"  class=\"panel-grid panel-has-style\" ><div class=\"siteorigin-panels-stretch panel-row-style panel-row-style-for-210-0\" data-stretch-type=\"full-stretched\" ><div id=\"pgc-210-0-0\"  class=\"panel-grid-cell\" ><div id=\"panel-210-0-0-0\" class=\"so-panel widget widget_sow-hero panel-first-child panel-last-child\" data-index=\"0\" ><div\n\t\t\t\n\t\t\tclass=\"so-widget-sow-hero so-widget-sow-hero-default-e01bc60aa1be-210 so-widget-fittext-wrapper\"\n\t\t\t data-fit-text-compressor=\"0.85\"\n\t\t>\t\t\t\t<div class=\"sow-slider-base\" style=\"display: none\" tabindex=\"0\">\n\t\t\t\t\t<ul\n\t\t\t\t\tclass=\"sow-slider-images\"\n\t\t\t\t\tdata-settings=\"{&quot;pagination&quot;:true,&quot;speed&quot;:800,&quot;timeout&quot;:8000,&quot;paused&quot;:false,&quot;pause_on_hover&quot;:false,&quot;swipe&quot;:true,&quot;nav_always_show_desktop&quot;:&quot;&quot;,&quot;nav_always_show_mobile&quot;:&quot;&quot;,&quot;breakpoint&quot;:&quot;780px&quot;,&quot;unmute&quot;:false,&quot;anchor&quot;:null}\"\n\t\t\t\t\t\t\t\t\t\tdata-anchor-id=\"\"\n\t\t\t\t>\t\t<li class=\"sow-slider-image  sow-slider-image-cover\" style=\"visibility: visible;;background-color: #333333;background-image: url(https:\/\/www.asacord.com\/site\/wp-content\/uploads\/2017\/12\/slider_07-1.jpg)\" >\n\t\t\t\t\t<div class=\"sow-slider-image-container\">\n\t\t\t<div class=\"sow-slider-image-wrapper\">\n\t\t\t\t<h3>MASTERCLASSES<\/h3>\n<h5>21\u00aa Semana Internacional do Acorde\u00e3o<br \/>1 e 2 junho 2017<\/h5>\t\t\t<\/div>\n\t\t<\/div>\n\t\t\t\t<\/li>\n\t\t<\/ul>\t\t\t\t<ol class=\"sow-slider-pagination\">\n\t\t\t\t\t\t\t\t\t\t\t<li><a href=\"#\" data-goto=\"0\" aria-label=\"Display slide 1\"><\/a><\/li>\n\t\t\t\t\t\t\t\t\t<\/ol>\n\n\t\t\t\t<div class=\"sow-slide-nav sow-slide-nav-next\">\n\t\t\t\t\t<a href=\"#\" data-goto=\"next\" aria-label=\"Next slide\" data-action=\"next\">\n\t\t\t\t\t\t<em class=\"sow-sld-icon-thin-right\"><\/em>\n\t\t\t\t\t<\/a>\n\t\t\t\t<\/div>\n\n\t\t\t\t<div class=\"sow-slide-nav sow-slide-nav-prev\">\n\t\t\t\t\t<a href=\"#\" data-goto=\"previous\" aria-label=\"Previous slide\" data-action=\"prev\">\n\t\t\t\t\t\t<em class=\"sow-sld-icon-thin-left\"><\/em>\n\t\t\t\t\t<\/a>\n\t\t\t\t<\/div>\n\t\t\t\t<\/div><\/div><\/div><\/div><\/div><\/div><div id=\"pg-210-1\"  class=\"panel-grid panel-no-style\" ><div id=\"pgc-210-1-0\"  class=\"panel-grid-cell\" ><div id=\"panel-210-1-0-0\" class=\"so-panel widget widget_sow-headline panel-first-child panel-last-child\" data-index=\"1\" ><div\n\t\t\t\n\t\t\tclass=\"so-widget-sow-headline so-widget-sow-headline-default-3fa65613f4ab-210\"\n\t\t\t\n\t\t><div class=\"sow-headline-container \">\n\t\t\t\t\t\t\t<h1 class=\"sow-headline\">\n\t\t\t\t\t\tSER ARTISTA... PARA AL\u00c9M DE M\u00daSICO\t\t\t\t\t\t<\/h1>\n\t\t\t\t\t\t\t\t\t\t\t\t<h3 class=\"sow-sub-headline\">\n\t\t\t\t\t\tFranck Angelis | Watcheslav Semyonov | Diana Freire\t\t\t\t\t\t<\/h3>\n\t\t\t\t\t\t\t\t\t\t\t<div class=\"decoration\">\n\t\t\t\t\t\t<div class=\"decoration-inside\"><\/div>\n\t\t\t\t\t<\/div>\n\t\t\t\t\t<\/div>\n<\/div><\/div><\/div><\/div><div id=\"pg-210-2\"  class=\"panel-grid panel-no-style\" ><div id=\"pgc-210-2-0\"  class=\"panel-grid-cell\" ><div id=\"panel-210-2-0-0\" class=\"so-panel widget panel-first-child\" data-index=\"2\" ><\/div><div id=\"panel-210-2-0-1\" class=\"so-panel widget widget_sow-editor panel-last-child\" data-index=\"3\" ><div id=\"frank-angelis\" class=\"panel-widget-style panel-widget-style-for-210-2-0-1\" ><div\n\t\t\t\n\t\t\tclass=\"so-widget-sow-editor so-widget-sow-editor-base\"\n\t\t\t\n\t\t>\n<div class=\"siteorigin-widget-tinymce textwidget\">\n\t<p style=\"text-align: center;\"><strong>PROF. FRANK ANGELIS<\/strong><br \/><span style=\"font-size: 10pt;\">Masterclass<\/span><\/p>\n<\/div>\n<\/div><\/div><\/div><\/div><div id=\"pgc-210-2-1\"  class=\"panel-grid-cell\" ><div id=\"panel-210-2-1-0\" class=\"so-panel widget panel-first-child\" data-index=\"4\" ><\/div><div id=\"panel-210-2-1-1\" class=\"so-panel widget widget_sow-editor panel-last-child\" data-index=\"5\" ><div\n\t\t\t\n\t\t\tclass=\"so-widget-sow-editor so-widget-sow-editor-base\"\n\t\t\t\n\t\t>\n<div class=\"siteorigin-widget-tinymce textwidget\">\n\t<p style=\"text-align: center;\"><strong>PROF. WATCHESVAL SENYONOV<\/strong><br \/> <span style=\"font-size: 10pt;\">Masterclass<\/span><\/p>\n<\/div>\n<\/div><\/div><\/div><div id=\"pgc-210-2-2\"  class=\"panel-grid-cell\" ><div id=\"panel-210-2-2-0\" class=\"so-panel widget panel-first-child\" data-index=\"6\" ><\/div><div id=\"panel-210-2-2-1\" class=\"so-panel widget widget_sow-editor panel-last-child\" data-index=\"7\" ><div\n\t\t\t\n\t\t\tclass=\"so-widget-sow-editor so-widget-sow-editor-base\"\n\t\t\t\n\t\t>\n<div class=\"siteorigin-widget-tinymce textwidget\">\n\t<p style=\"text-align: center;\"><strong>YOGA PARA M\u00daSICOS<\/strong><br \/><span style=\"font-size: 10pt;\">Diana Freire<\/span><\/p>\n<\/div>\n<\/div><\/div><\/div><\/div><div id=\"pg-210-3\"  class=\"panel-grid panel-has-style\" ><div class=\"lsow-dark-bg button-area-dark panel-row-style panel-row-style-for-210-3\" ><div id=\"pgc-210-3-0\"  class=\"panel-grid-cell\" ><div id=\"panel-210-3-0-0\" class=\"so-panel widget widget_sow-editor panel-first-child panel-last-child\" data-index=\"8\" ><div\n\t\t\t\n\t\t\tclass=\"so-widget-sow-editor so-widget-sow-editor-base\"\n\t\t\t\n\t\t>\n<div class=\"siteorigin-widget-tinymce textwidget\">\n\t<h3>Hor\u00e1rios<\/h3>\n<p>Actualizado em 29-05-2017<\/p>\n<\/div>\n<\/div><\/div><\/div><div id=\"pgc-210-3-1\"  class=\"panel-grid-cell\" ><div id=\"panel-210-3-1-0\" class=\"so-panel widget widget_sow-button panel-first-child panel-last-child\" data-index=\"9\" ><div\n\t\t\t\n\t\t\tclass=\"so-widget-sow-button so-widget-sow-button-flat-0a4c13a623f5-210\"\n\t\t\t\n\t\t><div class=\"ow-button-base ow-button-align-center\"\n>\n\t\t\t<a\n\t\t\t\t\thref=\"http:\/\/www.asacord.com\/site\/wp-content\/uploads\/2017\/12\/horario_masterclasses_2017.pdf\"\n\t\t\t\t\tclass=\"sowb-button ow-icon-placement-left ow-button-hover\" target=\"_blank\" rel=\"noopener noreferrer\" \t>\n\t\t<span>\n\t\t\t<span class=\"sow-icon-fontawesome sow-fas\" data-sow-icon=\"&#xf019;\"\n\t\tstyle=\"color: #ffffff\" \n\t\taria-hidden=\"true\"><\/span>\n\t\t\tDownload\t\t<\/span>\n\t\t\t<\/a>\n\t<\/div>\n<\/div><\/div><\/div><\/div><\/div><div id=\"pg-210-4\"  class=\"panel-grid panel-no-style\" ><div id=\"pgc-210-4-0\"  class=\"panel-grid-cell\" ><div id=\"panel-210-4-0-0\" class=\"so-panel widget widget_sow-headline panel-first-child\" data-index=\"10\" ><div\n\t\t\t\n\t\t\tclass=\"so-widget-sow-headline so-widget-sow-headline-default-48dc75831bde-210\"\n\t\t\t\n\t\t><div class=\"sow-headline-container \">\n\t\t\t\t\t\t\t<h1 class=\"sow-headline\">\n\t\t\t\t\t\tApresenta\u00e7\u00e3o\t\t\t\t\t\t<\/h1>\n\t\t\t\t\t\t\t\t\t\t\t<div class=\"decoration\">\n\t\t\t\t\t\t<div class=\"decoration-inside\"><\/div>\n\t\t\t\t\t<\/div>\n\t\t\t\t\t<\/div>\n<\/div><\/div><div id=\"panel-210-4-0-1\" class=\"so-panel widget widget_sow-editor\" data-index=\"11\" ><div\n\t\t\t\n\t\t\tclass=\"so-widget-sow-editor so-widget-sow-editor-base\"\n\t\t\t\n\t\t>\n<div class=\"siteorigin-widget-tinymce textwidget\">\n\t<p class=\"text-justify\" style=\"text-align: justify;\">Nos dias <strong>1 e 2 de Junho\/2017<\/strong>, a Associa\u00e7\u00e3o de Acorde\u00e3o de Portugal vai levar a efeito 3 Masterclasses convidando, para o efeito, dois conceituad\u00edssimos professores, compositores e concertistas \u2013 <strong>W. Semyonov e F. Angelis<\/strong> \u2013 e, pela primeira vez em Portugal, teremos duas sess\u00f5es de Yoga Para M\u00fasicos, dirigidas por Diana Freire.<br \/> Se as duas primeiras Masterclasses t\u00eam como base a corre\u00e7\u00e3o t\u00e9cnica, a interpreta\u00e7\u00e3o e o dom\u00ednio do(s) programa(s) apresentados pelos participantes, a sess\u00e3o Yoga Para M\u00fasicos pretende transmitir e praticar t\u00e9cnicas de respira\u00e7\u00e3o e controlo mental no sentido de cada participante poder melhorar a concentra\u00e7\u00e3o e mem\u00f3ria, desenvolver for\u00e7a muscular e agilidade para uma melhor t\u00e9cnica a n\u00edvel musical e resist\u00eancia contra poss\u00edveis les\u00f5es e gerir a ansiedade antes de uma atua\u00e7\u00e3o.<\/p>\n<p class=\"text-justify\" style=\"text-align: justify;\">Estas Masterclasses est\u00e3o integradas na <strong>21\u00aa Semana Internacional do Acorde\u00e3o \u201cAlcoba\u00e7a 2017\u201d<\/strong> (27 de Maio a 4 de Junho) complementando uma s\u00e9rie de atividades em que se destacam os concertos (27, 28, 31 de Maio e 1 e 2 de Junho) e o 22\u00ba Trof\u00e9u Nacional \/ 3\u00ba Concurso Internacional de Acorde\u00e3o (3 e 4 de Junho).<\/p>\n<ol>\n<li>A realizar nos pequenos audit\u00f3rios do Cine Teatro de Alcoba\u00e7a (dias 1 e 2 de Junho\/2017).<\/li>\n<li>Pretendemos que esta atividade seja extens\u00edvel a estudantes e a professores de Acorde\u00e3o, qualquer que seja a vertente (cl\u00e1ssica ou ligeira) que estude ou que ensine.<\/li>\n<li>Cada participante ativo (executante) ter\u00e1 direito a duas sess\u00f5es de trabalho com dura\u00e7\u00e3o de 40 minutos cada (aula individualizada) com o Prof. Franck Angelis num dos audit\u00f3rios e com o Prof. Wyatcheslav Semyonov noutro audit\u00f3rio. Os participantes apresentar\u00e3o o ou os programas que entenderem na manh\u00e3 do dia 1 de Junho sob dire\u00e7\u00e3o de um dos professores e de tarde sob dire\u00e7\u00e3o do outro professor. No dia 2 de Junho proceder-se-\u00e0 da mesma forma.<\/li>\n<li>A partir das 18,00h e com dura\u00e7\u00e3o de cerca de 90 minutos, decorrer\u00e1 a sess\u00e3o Yoga Para M\u00fasicos sob dire\u00e7\u00e3o de Diana Freire.<\/li>\n<li>Ap\u00f3s rece\u00e7\u00e3o dos boletins de inscri\u00e7\u00e3o ser\u00e1 dado conhecimento do hor\u00e1rio estabelecido para cada participante ativo (executante), que dever\u00e1 apresentar uma pe\u00e7a ou um programa para ser analisado e trabalhado.<br \/><strong style=\"text-align: justify;\">NOTA:<\/strong><span style=\"text-align: justify;\"> H\u00e1 que ter em aten\u00e7\u00e3o o tempo de apresenta\u00e7\u00e3o do repert\u00f3rio para que seja respeitado o hor\u00e1rio atribu\u00eddo a cada participante ativo (executante).<\/span><\/li>\n<li>Para poder frequentar a Masterclass \u00e9 necess\u00e1rio o preenchimento do boletim de inscri\u00e7\u00e3o que dever\u00e1 ser enviado at\u00e9 13 de Maio\/2017.<\/li>\n<li>Atendendo a que existe um n\u00famero limitado de participa\u00e7\u00f5es de executantes, ser\u00e1 dada prioridade aos primeiros formul\u00e1rios recebidos.<\/li>\n<li>O n\u00famero limite de inscri\u00e7\u00f5es de participantes ativos (executantes) para esta masterclass \u00e9 de 12 (doze).<\/li>\n<li>O n\u00famero de participantes ouvintes \u00e9 ilimitado.<\/li>\n<li>Todos os participantes receber\u00e3o um <strong>Certificado de Participa\u00e7\u00e3o<\/strong> com a men\u00e7\u00e3o de participante ativo ou participante ouvinte<\/li>\n<\/ol>\n<\/div>\n<\/div><\/div><div id=\"panel-210-4-0-2\" class=\"so-panel widget widget_sow-button panel-last-child\" data-index=\"12\" ><div\n\t\t\t\n\t\t\tclass=\"so-widget-sow-button so-widget-sow-button-flat-f5f1a2afeadc-210\"\n\t\t\t\n\t\t><div class=\"ow-button-base ow-button-align-center\"\n>\n\t\t\t<a\n\t\t\t\t\thref=\"http:\/\/www.asacord.com\/site\/wp-content\/uploads\/2017\/12\/master-ficha-inscricao-pt.pdf\"\n\t\t\t\t\tclass=\"sowb-button ow-icon-placement-left ow-button-hover\" target=\"_blank\" rel=\"noopener noreferrer\" \t>\n\t\t<span>\n\t\t\t\n\t\t\tDESCARREGAR FICHA DE INSCRI\u00c7\u00c3O\t\t<\/span>\n\t\t\t<\/a>\n\t<\/div>\n<\/div><\/div><\/div><div id=\"pgc-210-4-1\"  class=\"panel-grid-cell\" ><div id=\"panel-210-4-1-0\" class=\"so-panel widget widget_sow-headline panel-first-child\" data-index=\"13\" ><div\n\t\t\t\n\t\t\tclass=\"so-widget-sow-headline so-widget-sow-headline-default-48dc75831bde-210\"\n\t\t\t\n\t\t><div class=\"sow-headline-container \">\n\t\t\t\t\t\t\t<h1 class=\"sow-headline\">\n\t\t\t\t\t\tPre\u00e7os\t\t\t\t\t\t<\/h1>\n\t\t\t\t\t\t\t\t\t\t\t<div class=\"decoration\">\n\t\t\t\t\t\t<div class=\"decoration-inside\"><\/div>\n\t\t\t\t\t<\/div>\n\t\t\t\t\t<\/div>\n<\/div><\/div><div id=\"panel-210-4-1-1\" class=\"so-panel widget widget_sow-editor\" data-index=\"14\" ><div\n\t\t\t\n\t\t\tclass=\"so-widget-sow-editor so-widget-sow-editor-base\"\n\t\t\t\n\t\t>\n<div class=\"siteorigin-widget-tinymce textwidget\">\n\t<p style=\"text-align: right;\"><strong>Participa\u00e7\u00e3o nas 3 Masterclasses<\/strong><\/p>\n<\/div>\n<\/div><\/div><div id=\"panel-210-4-1-2\" class=\"so-panel widget widget_ink-pricing-table\" data-index=\"15\" ><div\n\t\t\t\n\t\t\tclass=\"so-widget-ink-pricing-table so-widget-ink-pricing-table-pricing-table-5f4bd604b71f-210\"\n\t\t\t\n\t\t>\n<div class=\"iw-so-pricing\">\n\n\t\n\t\t<div class=\"iw-so-pricing-plan iw-so-pricing-two-column\">\n\n\t\t\t<div class=\"iw-so-pricing-title-section\">\n\t\t\t\t\t\t\t\t<h3 class=\"iw-so-pricing-title iw-text-center\">Participante Ouvinte<\/h3>\n\t\t\t\t\t\t\t\t\t<p class=\"iw-so-pricing-title-tag iw-text-center\">Incri\u00e7\u00f5es Ilimitadas<\/p>\n\t\t\t\t\t\t\t<\/div>\n\n\t\t\t<div class=\"iw-so-pricing-price-section\">\n\t\t\t\t\t\t\t\t<p class=\"iw-so-pricing-price iw-text-center\">\n\t\t\t\t\t<span class=\"iw-so-pricing-price-prefix\">\u20ac<\/span>\n\t\t\t\t\t40\t\t\t\t\t<span class=\"iw-so-pricing-price-suffix\"><\/span>\n\t\t\t\t<\/p>\n\t\t\t\t\t\t\t\t\t<p class=\"iw-so-pricing-price-tag iw-text-center\"><\/p>\n\t\t\t\t\t\t\t<\/div>\n\n\t\t\t<div class=\"iw-so-pricing-features-section\">\n\t\t\t\t<ul class=\"iw-text-center\">\n\t\t\t\t\t\t\t\t\t\t\t<li>\n\t\t\t\t\t\t\tDesconto de 10\u20ac para s\u00f3cios da ASACORD\t\t\t\t\t\t<li>\n\t\t\t\t\t\t\t\t\t<\/ul>\n\t\t\t<\/div>\n\n\t\t\t\n\t\t\t<div class=\"iw-so-pricing-button-section\">\n\t\t\t\t\t\t\t<\/div>\n\n\t\t\t\n\t\t<\/div>\n\n\t\n\t\t<div class=\"iw-so-pricing-plan iw-so-pricing-two-column iw-so-pricing-featured\">\n\n\t\t\t<div class=\"iw-so-pricing-title-section\">\n\t\t\t\t\t\t\t\t<h3 class=\"iw-so-pricing-title iw-text-center\">Participante Ativo<\/h3>\n\t\t\t\t\t\t\t\t\t<p class=\"iw-so-pricing-title-tag iw-text-center\">Max 12 Participantes<\/p>\n\t\t\t\t\t\t\t<\/div>\n\n\t\t\t<div class=\"iw-so-pricing-price-section\">\n\t\t\t\t\t\t\t\t<p class=\"iw-so-pricing-price iw-text-center\">\n\t\t\t\t\t<span class=\"iw-so-pricing-price-prefix\">\u20ac<\/span>\n\t\t\t\t\t130\t\t\t\t\t<span class=\"iw-so-pricing-price-suffix\"><\/span>\n\t\t\t\t<\/p>\n\t\t\t\t\t\t\t\t\t<p class=\"iw-so-pricing-price-tag iw-text-center\"><\/p>\n\t\t\t\t\t\t\t<\/div>\n\n\t\t\t<div class=\"iw-so-pricing-features-section\">\n\t\t\t\t<ul class=\"iw-text-center\">\n\t\t\t\t\t\t\t\t\t\t\t<li>\n\t\t\t\t\t\t\tDesconto de 10\u20ac para s\u00f3cios da ASACORD\t\t\t\t\t\t<li>\n\t\t\t\t\t\t\t\t\t<\/ul>\n\t\t\t<\/div>\n\n\t\t\t\n\t\t\t<div class=\"iw-so-pricing-button-section\">\n\t\t\t\t\t\t\t<\/div>\n\n\t\t\t\n\t\t<\/div>\n\n\t\n<\/div>\n<\/div><\/div><div id=\"panel-210-4-1-3\" class=\"widget_text so-panel widget widget_custom_html\" data-index=\"16\" ><h3 class=\"widget-title\">Outros Pre\u00e7os<\/h3><div class=\"textwidget custom-html-widget\"><table class=\"table table-hover table-comparison\">\n                                            <thead>\n                                            <tr>\n                                                <th>&nbsp;<\/th>\n                                                <th>Ouvinte<\/th>\n                                                <th>Participante Ativo<\/th>\n                                            <\/tr>\n                                            <\/thead>\n                                            <tbody>\n                                            <tr>\n                                                <td>F. Angelis + W. Semyonov<\/td>\n                                                <td>\u20ac 30,00<\/td>\n                                                <td>\u20ac 110,00<\/td>\n                                            <\/tr>\n                                            <tr>\n                                                <td>F. Angelis + Yoga<\/td>\n                                                <td>\u20ac 30,00<\/td>\n                                                <td>\u20ac 90,00<\/td>\n                                            <\/tr>\n                                            <tr>\n                                                <td>W. Semyonov + Yoga<\/td>\n                                                <td>\u20ac 30,00<\/td>\n                                                <td>\u20ac 90,00<\/td>\n                                            <\/tr>\n                                            <tr>\n                                                <td>F. Angelis<\/td>\n                                                <td>\u20ac 20,00<\/td>\n                                                <td>\u20ac 60,00<\/td>\n                                            <\/tr>\n                                            <tr>\n                                                <td>W. Semyonov<\/td>\n                                                <td>\u20ac 20,00<\/td>\n                                                <td>\u20ac 60,00<\/td>\n                                            <\/tr>\n                                            <tr>\n                                                <td>Yoga<\/td>\n                                                <td>\u20ac 20,00<\/td>\n                                                <td>\u20ac 40,00<\/td>\n                                            <\/tr>\n                                            <\/tbody>\n                                        <\/table><\/div><\/div><div id=\"panel-210-4-1-4\" class=\"so-panel widget widget_sow-editor panel-last-child\" data-index=\"17\" ><div\n\t\t\t\n\t\t\tclass=\"so-widget-sow-editor so-widget-sow-editor-base\"\n\t\t\t\n\t\t><h3 class=\"widget-title\">Condi\u00e7\u00f5es<\/h3>\n<div class=\"siteorigin-widget-tinymce textwidget\">\n\t<p style=\"text-align: justify;\">O pagamento da inscri\u00e7\u00e3o dos participantes ativos (executantes) dever\u00e1 ser efetuado atrav\u00e9s de transfer\u00eancia banc\u00e1ria <span style=\"color: #dab835;\"><strong>mas s\u00f3 quando a Associa\u00e7\u00e3o comunicar (via email) a exist\u00eancia de vaga (m\u00e1ximo de 12 elementos) para a frequ\u00eancia da Masterclass<\/strong><\/span>. Ap\u00f3s esta comunica\u00e7\u00e3o, dever\u00e3o fazer a transfer\u00eancia banc\u00e1ria relativa \u00e0 sua condi\u00e7\u00e3o de participantes ativos e enviar comprovativo da transfer\u00eancia banc\u00e1ria efetuada.<\/p>\n<p style=\"text-align: justify;\">Em rela\u00e7\u00e3o aos participantes ouvintes, dever\u00e3o fazer a transfer\u00eancia banc\u00e1ria at\u00e9 ao dia <strong><span style=\"color: #dab835;\">13 de Maio<\/span><\/strong> pois n\u00e3o haver\u00e1 limite de inscri\u00e7\u00f5es para esses participantes (enviar comprovativo da transfer\u00eancia banc\u00e1ria efetuada para <a href=\"mailto:info.asacord@gmail.com\">info.asacord@gmail .com<\/a>).<\/p>\n<p style=\"text-align: justify;\">O IBAN para o qual dever\u00e1 ser transferido o valor indicado \u00e9 o seguinte:<br \/> <strong><span style=\"color: #dab835;\">PT50 0035 0030 00051707 330 86<\/span><\/strong><\/p>\n<\/div>\n<\/div><\/div><\/div><\/div><\/div>","protected":false},"excerpt":{"rendered":"<p>MASTERCLASSES 21\u00aa Semana Internacional do Acorde\u00e3o1 e 2 junho 2017 SER ARTISTA&#8230; PARA AL\u00c9M DE M\u00daSICO Franck Angelis | Watcheslav Semyonov | Diana Freire PROF. FRANK ANGELISMasterclass PROF. WATCHESVAL SENYONOV Masterclass YOGA PARA M\u00daSICOSDiana Freire Hor\u00e1rios Actualizado em 29-05-2017 Download Apresenta\u00e7\u00e3o Nos dias 1 e 2 de Junho\/2017, a Associa\u00e7\u00e3o de Acorde\u00e3o de Portugal vai [&hellip;]<\/p>\n","protected":false},"author":1,"featured_media":0,"parent":36,"menu_order":0,"comment_status":"closed","ping_status":"closed","template":"","meta":{"footnotes":""},"class_list":["post-210","page","type-page","status-publish","hentry","post"],"_links":{"self":[{"href":"https:\/\/www.asacord.com\/site\/wp-json\/wp\/v2\/pages\/210","targetHints":{"allow":["GET"]}}],"collection":[{"href":"https:\/\/www.asacord.com\/site\/wp-json\/wp\/v2\/pages"}],"about":[{"href":"https:\/\/www.asacord.com\/site\/wp-json\/wp\/v2\/types\/page"}],"author":[{"embeddable":true,"href":"https:\/\/www.asacord.com\/site\/wp-json\/wp\/v2\/users\/1"}],"replies":[{"embeddable":true,"href":"https:\/\/www.asacord.com\/site\/wp-json\/wp\/v2\/comments?post=210"}],"version-history":[{"count":0,"href":"https:\/\/www.asacord.com\/site\/wp-json\/wp\/v2\/pages\/210\/revisions"}],"up":[{"embeddable":true,"href":"https:\/\/www.asacord.com\/site\/wp-json\/wp\/v2\/pages\/36"}],"wp:attachment":[{"href":"https:\/\/www.asacord.com\/site\/wp-json\/wp\/v2\/media?parent=210"}],"curies":[{"name":"wp","href":"https:\/\/api.w.org\/{rel}","templated":true}]}}