{"id":510,"date":"2017-12-27T11:18:12","date_gmt":"2017-12-27T11:18:12","guid":{"rendered":"http:\/\/www.asacord.com\/site\/?page_id=510"},"modified":"2017-12-27T12:40:20","modified_gmt":"2017-12-27T12:40:20","slug":"masterclasses","status":"publish","type":"page","link":"https:\/\/www.asacord.com\/site\/en\/21st-international-accordion-week-2017\/masterclasses\/","title":{"rendered":"Masterclasses"},"content":{"rendered":"<div id=\"pl-510\"  class=\"panel-layout\" ><div id=\"pg-510-0\"  class=\"panel-grid panel-has-style\" ><div class=\"siteorigin-panels-stretch panel-row-style panel-row-style-for-510-0\" data-stretch-type=\"full-stretched\" ><div id=\"pgc-510-0-0\"  class=\"panel-grid-cell\" ><div id=\"panel-510-0-0-0\" class=\"so-panel widget widget_sow-hero panel-first-child panel-last-child\" data-index=\"0\" ><div\n\t\t\t\n\t\t\tclass=\"so-widget-sow-hero so-widget-sow-hero-default-e01bc60aa1be-510 so-widget-fittext-wrapper\"\n\t\t\t data-fit-text-compressor=\"0.85\"\n\t\t>\t\t\t\t<div class=\"sow-slider-base\" style=\"display: none\" tabindex=\"0\">\n\t\t\t\t\t<ul\n\t\t\t\t\tclass=\"sow-slider-images\"\n\t\t\t\t\tdata-settings=\"{&quot;pagination&quot;:true,&quot;speed&quot;:800,&quot;timeout&quot;:8000,&quot;paused&quot;:false,&quot;pause_on_hover&quot;:false,&quot;swipe&quot;:true,&quot;nav_always_show_desktop&quot;:&quot;&quot;,&quot;nav_always_show_mobile&quot;:&quot;&quot;,&quot;breakpoint&quot;:&quot;780px&quot;,&quot;unmute&quot;:false,&quot;anchor&quot;:null}\"\n\t\t\t\t\t\t\t\t\t\tdata-anchor-id=\"\"\n\t\t\t\t>\t\t<li class=\"sow-slider-image  sow-slider-image-cover\" style=\"visibility: visible;;background-color: #333333;background-image: url(https:\/\/www.asacord.com\/site\/wp-content\/uploads\/2017\/12\/slider_07-1.jpg)\" >\n\t\t\t\t\t<div class=\"sow-slider-image-container\">\n\t\t\t<div class=\"sow-slider-image-wrapper\">\n\t\t\t\t<h3>MASTERCLASSES<\/h3>\n<h5>21st International Accordion Week<\/h5>\n<h5>june 1-2<\/h5>\t\t\t<\/div>\n\t\t<\/div>\n\t\t\t\t<\/li>\n\t\t<\/ul>\t\t\t\t<ol class=\"sow-slider-pagination\">\n\t\t\t\t\t\t\t\t\t\t\t<li><a href=\"#\" data-goto=\"0\" aria-label=\"Display slide 1\"><\/a><\/li>\n\t\t\t\t\t\t\t\t\t<\/ol>\n\n\t\t\t\t<div class=\"sow-slide-nav sow-slide-nav-next\">\n\t\t\t\t\t<a href=\"#\" data-goto=\"next\" aria-label=\"Next slide\" data-action=\"next\">\n\t\t\t\t\t\t<em class=\"sow-sld-icon-thin-right\"><\/em>\n\t\t\t\t\t<\/a>\n\t\t\t\t<\/div>\n\n\t\t\t\t<div class=\"sow-slide-nav sow-slide-nav-prev\">\n\t\t\t\t\t<a href=\"#\" data-goto=\"previous\" aria-label=\"Previous slide\" data-action=\"prev\">\n\t\t\t\t\t\t<em class=\"sow-sld-icon-thin-left\"><\/em>\n\t\t\t\t\t<\/a>\n\t\t\t\t<\/div>\n\t\t\t\t<\/div><\/div><\/div><\/div><\/div><\/div><div id=\"pg-510-1\"  class=\"panel-grid panel-no-style\" ><div id=\"pgc-510-1-0\"  class=\"panel-grid-cell\" ><div id=\"panel-510-1-0-0\" class=\"so-panel widget widget_sow-headline panel-first-child panel-last-child\" data-index=\"1\" ><div\n\t\t\t\n\t\t\tclass=\"so-widget-sow-headline so-widget-sow-headline-default-3fa65613f4ab-510\"\n\t\t\t\n\t\t><div class=\"sow-headline-container \">\n\t\t\t\t\t\t\t<h1 class=\"sow-headline\">\n\t\t\t\t\t\tBEING AN ARTIST... BEYOND A MUSICIAN\t\t\t\t\t\t<\/h1>\n\t\t\t\t\t\t\t\t\t\t\t\t<h3 class=\"sow-sub-headline\">\n\t\t\t\t\t\tFranck Angelis | Watcheslav Semyonov | Diana Freire\t\t\t\t\t\t<\/h3>\n\t\t\t\t\t\t\t\t\t\t\t<div class=\"decoration\">\n\t\t\t\t\t\t<div class=\"decoration-inside\"><\/div>\n\t\t\t\t\t<\/div>\n\t\t\t\t\t<\/div>\n<\/div><\/div><\/div><\/div><div id=\"pg-510-2\"  class=\"panel-grid panel-no-style\" ><div id=\"pgc-510-2-0\"  class=\"panel-grid-cell\" ><div id=\"panel-510-2-0-0\" class=\"so-panel widget panel-first-child\" data-index=\"2\" ><\/div><div id=\"panel-510-2-0-1\" class=\"so-panel widget widget_sow-editor panel-last-child\" data-index=\"3\" ><div id=\"frank-angelis\" class=\"panel-widget-style panel-widget-style-for-510-2-0-1\" ><div\n\t\t\t\n\t\t\tclass=\"so-widget-sow-editor so-widget-sow-editor-base\"\n\t\t\t\n\t\t>\n<div class=\"siteorigin-widget-tinymce textwidget\">\n\t<p style=\"text-align: center;\"><strong>PROF. FRANK ANGELIS<\/strong><br \/><span style=\"font-size: 10pt;\">Masterclass<\/span><\/p>\n<\/div>\n<\/div><\/div><\/div><\/div><div id=\"pgc-510-2-1\"  class=\"panel-grid-cell\" ><div id=\"panel-510-2-1-0\" class=\"so-panel widget panel-first-child\" data-index=\"4\" ><\/div><div id=\"panel-510-2-1-1\" class=\"so-panel widget widget_sow-editor panel-last-child\" data-index=\"5\" ><div\n\t\t\t\n\t\t\tclass=\"so-widget-sow-editor so-widget-sow-editor-base\"\n\t\t\t\n\t\t>\n<div class=\"siteorigin-widget-tinymce textwidget\">\n\t<p style=\"text-align: center;\"><strong>PROF. WATCHESVAL SENYONOV<\/strong><br \/> <span style=\"font-size: 10pt;\">Masterclass<\/span><\/p>\n<\/div>\n<\/div><\/div><\/div><div id=\"pgc-510-2-2\"  class=\"panel-grid-cell\" ><div id=\"panel-510-2-2-0\" class=\"so-panel widget panel-first-child\" data-index=\"6\" ><\/div><div id=\"panel-510-2-2-1\" class=\"so-panel widget widget_sow-editor panel-last-child\" data-index=\"7\" ><div\n\t\t\t\n\t\t\tclass=\"so-widget-sow-editor so-widget-sow-editor-base\"\n\t\t\t\n\t\t>\n<div class=\"siteorigin-widget-tinymce textwidget\">\n\t<p style=\"text-align: center;\"><strong>YOGA PARA M\u00daSICOS<\/strong><br \/><span style=\"font-size: 10pt;\">Diana Freire<\/span><\/p>\n<\/div>\n<\/div><\/div><\/div><\/div><div id=\"pg-510-3\"  class=\"panel-grid panel-has-style\" ><div class=\"lsow-dark-bg button-area-dark panel-row-style panel-row-style-for-510-3\" ><div id=\"pgc-510-3-0\"  class=\"panel-grid-cell\" ><div id=\"panel-510-3-0-0\" class=\"so-panel widget widget_sow-editor panel-first-child panel-last-child\" data-index=\"8\" ><div\n\t\t\t\n\t\t\tclass=\"so-widget-sow-editor so-widget-sow-editor-base\"\n\t\t\t\n\t\t>\n<div class=\"siteorigin-widget-tinymce textwidget\">\n\t<h3>Schedule of events<\/h3>\n<p>Upadated at 29-05-2017<\/p>\n<\/div>\n<\/div><\/div><\/div><div id=\"pgc-510-3-1\"  class=\"panel-grid-cell\" ><div id=\"panel-510-3-1-0\" class=\"so-panel widget widget_sow-button panel-first-child panel-last-child\" data-index=\"9\" ><div\n\t\t\t\n\t\t\tclass=\"so-widget-sow-button so-widget-sow-button-flat-0a4c13a623f5-510\"\n\t\t\t\n\t\t><div class=\"ow-button-base ow-button-align-center\"\n>\n\t\t\t<a\n\t\t\t\t\thref=\"http:\/\/www.asacord.com\/site\/wp-content\/uploads\/2017\/12\/horario_masterclasses_2017.pdf\"\n\t\t\t\t\tclass=\"sowb-button ow-icon-placement-left ow-button-hover\" target=\"_blank\" rel=\"noopener noreferrer\" \t>\n\t\t<span>\n\t\t\t<span class=\"sow-icon-fontawesome sow-fas\" data-sow-icon=\"&#xf019;\"\n\t\tstyle=\"color: #ffffff\" \n\t\taria-hidden=\"true\"><\/span>\n\t\t\tDownload\t\t<\/span>\n\t\t\t<\/a>\n\t<\/div>\n<\/div><\/div><\/div><\/div><\/div><div id=\"pg-510-4\"  class=\"panel-grid panel-no-style\" ><div id=\"pgc-510-4-0\"  class=\"panel-grid-cell\" ><div id=\"panel-510-4-0-0\" class=\"so-panel widget widget_sow-headline panel-first-child\" data-index=\"10\" ><div\n\t\t\t\n\t\t\tclass=\"so-widget-sow-headline so-widget-sow-headline-default-48dc75831bde-510\"\n\t\t\t\n\t\t><div class=\"sow-headline-container \">\n\t\t\t\t\t\t\t<h1 class=\"sow-headline\">\n\t\t\t\t\t\tIntroduction\t\t\t\t\t\t<\/h1>\n\t\t\t\t\t\t\t\t\t\t\t<div class=\"decoration\">\n\t\t\t\t\t\t<div class=\"decoration-inside\"><\/div>\n\t\t\t\t\t<\/div>\n\t\t\t\t\t<\/div>\n<\/div><\/div><div id=\"panel-510-4-0-1\" class=\"so-panel widget widget_sow-editor\" data-index=\"11\" ><div\n\t\t\t\n\t\t\tclass=\"so-widget-sow-editor so-widget-sow-editor-base\"\n\t\t\t\n\t\t>\n<div class=\"siteorigin-widget-tinymce textwidget\">\n\t<p class=\"text-justify\">On the <strong>1st and 2nd of June 2017<\/strong>, the Associa\u00e7\u00e3o de Acorde\u00e3o de Portugal will carry out <strong>3 Masterclasses<\/strong>, inviting two highly respected teachers, composers and concert musicians - <strong>W. Semyonov and F. Angelis<\/strong> - and for the first time in Portugal, we will have two sessions of Yoga for Musicians, directed by Diana Freire.<br \/> The first two Masterclasses are based on technical correction, interpretation and mastery of the program (s) presented by the participants. The Yoga For Musicians sessions intend to transmit and practice breathing techniques and mental control in the sense of each participant's power to improve concentration and memory, develop muscle strength and agility for better musical technique and resistance against possible injuries and also manage anxiety before a performance.<\/p>\n<p class=\"text-justify\">These Masterclasses are integrated in the <strong>21st ACCORDION\u2019S INTERNATIONAL WEEK \"Alcoba\u00e7a 2017\"<\/strong> <span class=\"color t700\">(May 27th to June 4th)<\/span>, complementing a series of activities with highlight to the concerts (27, 28, 31st of May and 1st and 2nd of June) and The 22nd National Trophy \/ 3rd International Accordion Competition (3rd and 4th June).<\/p>\n<ol class=\"modal-list text-justify\">\n<li>To be held in the small auditoriums of Cine Teatro de Alcoba\u00e7a (1st and 2nd June \/ 2017).<\/li>\n<li>We intend this activity to be extended to students and teachers of the Accordion, regardless of the style (classical or ligeiro) that one studies or teaches.<\/li>\n<li>Each active participant will be entitled to two work sessions lasting 40 minutes each (individualized class) with Prof. Franck Angelis in one of the auditoriums and with Prof. Wyatcheslav Semyonov in another auditorium. Participants will present the program (s) they understand on the morning of June 1st under the direction of one of the teachers and in the afternoon under the direction of the other teacher. On the 2nd of June the same will be done.<\/li>\n<li>Starting at 18.00h and lasting about 90 minutes, the Yoga For Musicians session will be held under the direction of Diana Freire.<\/li>\n<li>Upon receipt of the registration forms, the timetable established for each active participant will be announced and he\/she must present a piece or a program to be analyzed and worked on.<br \/><span style=\"color: #a41c26;\"><strong>IMPORTANT:\u00a0<\/strong>It is necessary to take into account the time of presentation of the repertoire so that the time given to each active participant (performer) is respected.<\/span><\/li>\n<li>To be able to attend the Masterclass it is necessary to fill out the application form that must be sent by May 13, 2017.<\/li>\n<li>Given that there is a limited number of participants, priority will be given to the first forms received.<\/li>\n<li>The limit number of active participants for this masterclass is 12 (twelve).<\/li>\n<li>The number of listening participants is unlimited.<\/li>\n<\/ol>\n<\/div>\n<\/div><\/div><div id=\"panel-510-4-0-2\" class=\"so-panel widget widget_sow-button panel-last-child\" data-index=\"12\" ><div\n\t\t\t\n\t\t\tclass=\"so-widget-sow-button so-widget-sow-button-flat-f5f1a2afeadc-510\"\n\t\t\t\n\t\t><div class=\"ow-button-base ow-button-align-center\"\n>\n\t\t\t<a\n\t\t\t\t\thref=\"http:\/\/www.asacord.com\/site\/wp-content\/uploads\/2017\/12\/master-ficha-inscricao-en.pdf\"\n\t\t\t\t\tclass=\"sowb-button ow-icon-placement-left ow-button-hover\" target=\"_blank\" rel=\"noopener noreferrer\" \t>\n\t\t<span>\n\t\t\t\n\t\t\tDOWNLOAD REGISTRATION FORM\t\t<\/span>\n\t\t\t<\/a>\n\t<\/div>\n<\/div><\/div><\/div><div id=\"pgc-510-4-1\"  class=\"panel-grid-cell\" ><div id=\"panel-510-4-1-0\" class=\"so-panel widget widget_sow-headline panel-first-child\" data-index=\"13\" ><div\n\t\t\t\n\t\t\tclass=\"so-widget-sow-headline so-widget-sow-headline-default-48dc75831bde-510\"\n\t\t\t\n\t\t><div class=\"sow-headline-container \">\n\t\t\t\t\t\t\t<h1 class=\"sow-headline\">\n\t\t\t\t\t\tPrices\t\t\t\t\t\t<\/h1>\n\t\t\t\t\t\t\t\t\t\t\t<div class=\"decoration\">\n\t\t\t\t\t\t<div class=\"decoration-inside\"><\/div>\n\t\t\t\t\t<\/div>\n\t\t\t\t\t<\/div>\n<\/div><\/div><div id=\"panel-510-4-1-1\" class=\"so-panel widget widget_sow-editor\" data-index=\"14\" ><div\n\t\t\t\n\t\t\tclass=\"so-widget-sow-editor so-widget-sow-editor-base\"\n\t\t\t\n\t\t>\n<div class=\"siteorigin-widget-tinymce textwidget\">\n\t<p style=\"text-align: right;\"><strong>Participation in the 3 Masterclasses<\/strong><\/p>\n<\/div>\n<\/div><\/div><div id=\"panel-510-4-1-2\" class=\"so-panel widget widget_ink-pricing-table\" data-index=\"15\" ><div\n\t\t\t\n\t\t\tclass=\"so-widget-ink-pricing-table so-widget-ink-pricing-table-pricing-table-5f4bd604b71f-510\"\n\t\t\t\n\t\t>\n<div class=\"iw-so-pricing\">\n\n\t\n\t\t<div class=\"iw-so-pricing-plan iw-so-pricing-two-column\">\n\n\t\t\t<div class=\"iw-so-pricing-title-section\">\n\t\t\t\t\t\t\t\t<h3 class=\"iw-so-pricing-title iw-text-center\">Listening Participant<\/h3>\n\t\t\t\t\t\t\t\t\t<p class=\"iw-so-pricing-title-tag iw-text-center\">Unlimited Subscriptions<\/p>\n\t\t\t\t\t\t\t<\/div>\n\n\t\t\t<div class=\"iw-so-pricing-price-section\">\n\t\t\t\t\t\t\t\t<p class=\"iw-so-pricing-price iw-text-center\">\n\t\t\t\t\t<span class=\"iw-so-pricing-price-prefix\">\u20ac<\/span>\n\t\t\t\t\t40\t\t\t\t\t<span class=\"iw-so-pricing-price-suffix\"><\/span>\n\t\t\t\t<\/p>\n\t\t\t\t\t\t\t\t\t<p class=\"iw-so-pricing-price-tag iw-text-center\"><\/p>\n\t\t\t\t\t\t\t<\/div>\n\n\t\t\t<div class=\"iw-so-pricing-features-section\">\n\t\t\t\t<ul class=\"iw-text-center\">\n\t\t\t\t\t\t\t\t\t\t\t<li>\n\t\t\t\t\t\t\t10\u20ac Discount for ASACORD members\t\t\t\t\t\t<li>\n\t\t\t\t\t\t\t\t\t<\/ul>\n\t\t\t<\/div>\n\n\t\t\t\n\t\t\t<div class=\"iw-so-pricing-button-section\">\n\t\t\t\t\t\t\t<\/div>\n\n\t\t\t\n\t\t<\/div>\n\n\t\n\t\t<div class=\"iw-so-pricing-plan iw-so-pricing-two-column iw-so-pricing-featured\">\n\n\t\t\t<div class=\"iw-so-pricing-title-section\">\n\t\t\t\t\t\t\t\t<h3 class=\"iw-so-pricing-title iw-text-center\">Active Participant<\/h3>\n\t\t\t\t\t\t\t\t\t<p class=\"iw-so-pricing-title-tag iw-text-center\">Max 12 Subscriptions<\/p>\n\t\t\t\t\t\t\t<\/div>\n\n\t\t\t<div class=\"iw-so-pricing-price-section\">\n\t\t\t\t\t\t\t\t<p class=\"iw-so-pricing-price iw-text-center\">\n\t\t\t\t\t<span class=\"iw-so-pricing-price-prefix\">\u20ac<\/span>\n\t\t\t\t\t130\t\t\t\t\t<span class=\"iw-so-pricing-price-suffix\"><\/span>\n\t\t\t\t<\/p>\n\t\t\t\t\t\t\t\t\t<p class=\"iw-so-pricing-price-tag iw-text-center\"><\/p>\n\t\t\t\t\t\t\t<\/div>\n\n\t\t\t<div class=\"iw-so-pricing-features-section\">\n\t\t\t\t<ul class=\"iw-text-center\">\n\t\t\t\t\t\t\t\t\t\t\t<li>\n\t\t\t\t\t\t\t10\u20ac Discount for ASACORD members\t\t\t\t\t\t<li>\n\t\t\t\t\t\t\t\t\t<\/ul>\n\t\t\t<\/div>\n\n\t\t\t\n\t\t\t<div class=\"iw-so-pricing-button-section\">\n\t\t\t\t\t\t\t<\/div>\n\n\t\t\t\n\t\t<\/div>\n\n\t\n<\/div>\n<\/div><\/div><div id=\"panel-510-4-1-3\" class=\"widget_text so-panel widget widget_custom_html\" data-index=\"16\" ><h3 class=\"widget-title\">Other Prices<\/h3><div class=\"textwidget custom-html-widget\"><table class=\"table table-hover table-comparison\">\n                                            <thead>\n                                            <tr>\n                                                <th>&nbsp;<\/th>\n                                                <th>Listening Participant<\/th>\n                                                <th>Active Participant<\/th>\n                                            <\/tr>\n                                            <\/thead>\n                                            <tbody>\n                                            <tr>\n                                                <td>F. Angelis + W. Semyonov<\/td>\n                                                <td>\u20ac 30,00<\/td>\n                                                <td>\u20ac 110,00<\/td>\n                                            <\/tr>\n                                            <tr>\n                                                <td>F. Angelis + Yoga<\/td>\n                                                <td>\u20ac 30,00<\/td>\n                                                <td>\u20ac 90,00<\/td>\n                                            <\/tr>\n                                            <tr>\n                                                <td>W. Semyonov + Yoga<\/td>\n                                                <td>\u20ac 30,00<\/td>\n                                                <td>\u20ac 90,00<\/td>\n                                            <\/tr>\n                                            <tr>\n                                                <td>F. Angelis<\/td>\n                                                <td>\u20ac 20,00<\/td>\n                                                <td>\u20ac 60,00<\/td>\n                                            <\/tr>\n                                            <tr>\n                                                <td>W. Semyonov<\/td>\n                                                <td>\u20ac 20,00<\/td>\n                                                <td>\u20ac 60,00<\/td>\n                                            <\/tr>\n                                            <tr>\n                                                <td>Yoga<\/td>\n                                                <td>\u20ac 20,00<\/td>\n                                                <td>\u20ac 40,00<\/td>\n                                            <\/tr>\n                                            <\/tbody>\n                                        <\/table><\/div><\/div><div id=\"panel-510-4-1-4\" class=\"so-panel widget widget_sow-editor panel-last-child\" data-index=\"17\" ><div\n\t\t\t\n\t\t\tclass=\"so-widget-sow-editor so-widget-sow-editor-base\"\n\t\t\t\n\t\t><h3 class=\"widget-title\">Terms &amp; Conditions:<\/h3>\n<div class=\"siteorigin-widget-tinymce textwidget\">\n\t<div class=\"container clearfix topmargin-sm\">\n<div class=\"col_half nobottommargin col_last\">\n<p class=\"text-justify\">Active participants (Performers) registration payment shall be made by wire transfer<strong><span class=\"color t700\" style=\"color: #dab835;\"> but only after ASACORD confirm via e-mail the existence of vacancy to attend the Masterclass (max 12 participants).<\/span><\/strong> After ASACORD confirmation, active participants should send proof of the wire transfer.<\/p>\n<p class=\"text-justify\">Listening participants must make the wire transfer until the <strong><span class=\"color t700\" style=\"color: #dab835;\">13th of May<\/span><\/strong> as there will be no limit of registrations for these participants (send proof of the wire transfer to <a class=\"color\" href=\"mailto:info.asacord@gmail.com\" target=\"_blank\" rel=\"noopener\">info.asacord@gmail .com<\/a>).<\/p>\n<p class=\"text-justify\">Please use this IBAN for your wire transfers:<br \/><span style=\"color: #dab835;\"><strong>PT50 0035 0030 00051707 330 86<\/strong><\/span><\/p>\n<\/div>\n<\/div>\n<\/div>\n<\/div><\/div><\/div><\/div><\/div>","protected":false},"excerpt":{"rendered":"<p>MASTERCLASSES 21st International Accordion Week june 1-2 BEING AN ARTIST&#8230; BEYOND A MUSICIAN Franck Angelis | Watcheslav Semyonov | Diana Freire PROF. FRANK ANGELISMasterclass PROF. WATCHESVAL SENYONOV Masterclass YOGA PARA M\u00daSICOSDiana Freire Schedule of events Upadated at 29-05-2017 Download Introduction On the 1st and 2nd of June 2017, the Associa\u00e7\u00e3o de Acorde\u00e3o de Portugal will [&hellip;]<\/p>\n","protected":false},"author":1,"featured_media":0,"parent":502,"menu_order":0,"comment_status":"closed","ping_status":"closed","template":"","meta":{"footnotes":""},"class_list":["post-510","page","type-page","status-publish","hentry","post"],"_links":{"self":[{"href":"https:\/\/www.asacord.com\/site\/wp-json\/wp\/v2\/pages\/510","targetHints":{"allow":["GET"]}}],"collection":[{"href":"https:\/\/www.asacord.com\/site\/wp-json\/wp\/v2\/pages"}],"about":[{"href":"https:\/\/www.asacord.com\/site\/wp-json\/wp\/v2\/types\/page"}],"author":[{"embeddable":true,"href":"https:\/\/www.asacord.com\/site\/wp-json\/wp\/v2\/users\/1"}],"replies":[{"embeddable":true,"href":"https:\/\/www.asacord.com\/site\/wp-json\/wp\/v2\/comments?post=510"}],"version-history":[{"count":0,"href":"https:\/\/www.asacord.com\/site\/wp-json\/wp\/v2\/pages\/510\/revisions"}],"up":[{"embeddable":true,"href":"https:\/\/www.asacord.com\/site\/wp-json\/wp\/v2\/pages\/502"}],"wp:attachment":[{"href":"https:\/\/www.asacord.com\/site\/wp-json\/wp\/v2\/media?parent=510"}],"curies":[{"name":"wp","href":"https:\/\/api.w.org\/{rel}","templated":true}]}}