{"id":646,"date":"2018-03-20T21:11:06","date_gmt":"2018-03-20T21:11:06","guid":{"rendered":"http:\/\/www.asacord.com\/site\/?page_id=646"},"modified":"2019-03-17T10:04:10","modified_gmt":"2019-03-17T10:04:10","slug":"masterclasses","status":"publish","type":"page","link":"https:\/\/www.asacord.com\/site\/22a-s-i-a\/masterclasses\/","title":{"rendered":"Masterclasses (2018)"},"content":{"rendered":"<div id=\"pl-646\"  class=\"panel-layout\" ><div id=\"pg-646-0\"  class=\"panel-grid panel-has-style\" ><div class=\"siteorigin-panels-stretch panel-row-style panel-row-style-for-646-0\" data-stretch-type=\"full-stretched\" ><div id=\"pgc-646-0-0\"  class=\"panel-grid-cell\" ><div id=\"panel-646-0-0-0\" class=\"so-panel widget widget_sow-hero panel-first-child panel-last-child\" data-index=\"0\" ><div\n\t\t\t\n\t\t\tclass=\"so-widget-sow-hero so-widget-sow-hero-default-e01bc60aa1be-646 so-widget-fittext-wrapper\"\n\t\t\t data-fit-text-compressor=\"0.85\"\n\t\t>\t\t\t\t<div class=\"sow-slider-base\" style=\"display: none\" tabindex=\"0\">\n\t\t\t\t\t<ul\n\t\t\t\t\tclass=\"sow-slider-images\"\n\t\t\t\t\tdata-settings=\"{&quot;pagination&quot;:true,&quot;speed&quot;:800,&quot;timeout&quot;:8000,&quot;paused&quot;:false,&quot;pause_on_hover&quot;:false,&quot;swipe&quot;:true,&quot;nav_always_show_desktop&quot;:&quot;&quot;,&quot;nav_always_show_mobile&quot;:&quot;&quot;,&quot;breakpoint&quot;:&quot;780px&quot;,&quot;unmute&quot;:false,&quot;anchor&quot;:null}\"\n\t\t\t\t\t\t\t\t\t\tdata-anchor-id=\"\"\n\t\t\t\t>\t\t<li class=\"sow-slider-image  sow-slider-image-cover\" style=\"visibility: visible;;background-color: #333333;background-image: url(https:\/\/www.asacord.com\/site\/wp-content\/uploads\/2017\/12\/slider_07-1.jpg)\" >\n\t\t\t\t\t<div class=\"sow-slider-image-container\">\n\t\t\t<div class=\"sow-slider-image-wrapper\">\n\t\t\t\t<h3>MASTERCLASSES<\/h3>\n<h5>22\u00aa Semana Internacional do Acorde\u00e3o\n<p>7 e 8 junho 2018<\/p><\/h5>\n\t\t\t<\/div>\n\t\t<\/div>\n\t\t\t\t<\/li>\n\t\t<\/ul>\t\t\t\t<ol class=\"sow-slider-pagination\">\n\t\t\t\t\t\t\t\t\t\t\t<li><a href=\"#\" data-goto=\"0\" aria-label=\"Display slide 1\"><\/a><\/li>\n\t\t\t\t\t\t\t\t\t<\/ol>\n\n\t\t\t\t<div class=\"sow-slide-nav sow-slide-nav-next\">\n\t\t\t\t\t<a href=\"#\" data-goto=\"next\" aria-label=\"Next slide\" data-action=\"next\">\n\t\t\t\t\t\t<em class=\"sow-sld-icon-thin-right\"><\/em>\n\t\t\t\t\t<\/a>\n\t\t\t\t<\/div>\n\n\t\t\t\t<div class=\"sow-slide-nav sow-slide-nav-prev\">\n\t\t\t\t\t<a href=\"#\" data-goto=\"previous\" aria-label=\"Previous slide\" data-action=\"prev\">\n\t\t\t\t\t\t<em class=\"sow-sld-icon-thin-left\"><\/em>\n\t\t\t\t\t<\/a>\n\t\t\t\t<\/div>\n\t\t\t\t<\/div><\/div><\/div><\/div><\/div><\/div><div id=\"pg-646-1\"  class=\"panel-grid panel-no-style\" ><div id=\"pgc-646-1-0\"  class=\"panel-grid-cell\" ><div id=\"panel-646-1-0-0\" class=\"so-panel widget widget_sow-headline panel-first-child panel-last-child\" data-index=\"1\" ><div\n\t\t\t\n\t\t\tclass=\"so-widget-sow-headline so-widget-sow-headline-default-3fa65613f4ab-646\"\n\t\t\t\n\t\t><div class=\"sow-headline-container \">\n\t\t\t\t\t\t\t<h1 class=\"sow-headline\">\n\t\t\t\t\t\t4 MASTERCLASSES\t\t\t\t\t\t<\/h1>\n\t\t\t\t\t\t\t\t\t\t\t\t<h3 class=\"sow-sub-headline\">\n\t\t\t\t\t\tALEXANDER DMITRIEV \/ AN\u00cdBAL FREIRE \/ FRANCK ANGELIS \/ DIANA FREIRE\t\t\t\t\t\t<\/h3>\n\t\t\t\t\t\t\t\t\t\t\t<div class=\"decoration\">\n\t\t\t\t\t\t<div class=\"decoration-inside\"><\/div>\n\t\t\t\t\t<\/div>\n\t\t\t\t\t<\/div>\n<\/div><\/div><\/div><\/div><div id=\"pg-646-2\"  class=\"panel-grid panel-no-style\" ><div id=\"pgc-646-2-0\"  class=\"panel-grid-cell\" ><div id=\"panel-646-2-0-0\" class=\"so-panel widget panel-first-child\" data-index=\"2\" ><\/div><div id=\"panel-646-2-0-1\" class=\"so-panel widget widget_sow-editor panel-last-child\" data-index=\"3\" ><div\n\t\t\t\n\t\t\tclass=\"so-widget-sow-editor so-widget-sow-editor-base\"\n\t\t\t\n\t\t>\n<div class=\"siteorigin-widget-tinymce textwidget\">\n\t<p style=\"text-align: center;\"><strong>ALEXANDER DMITRIEV<\/strong><br \/> <span style=\"font-size: 10pt;\">Masterclass<\/span><\/p>\n<\/div>\n<\/div><\/div><\/div><div id=\"pgc-646-2-1\"  class=\"panel-grid-cell\" ><div id=\"panel-646-2-1-0\" class=\"so-panel widget panel-first-child\" data-index=\"4\" ><\/div><div id=\"panel-646-2-1-1\" class=\"so-panel widget widget_sow-editor panel-last-child\" data-index=\"5\" ><div\n\t\t\t\n\t\t\tclass=\"so-widget-sow-editor so-widget-sow-editor-base\"\n\t\t\t\n\t\t>\n<div class=\"siteorigin-widget-tinymce textwidget\">\n\t<p style=\"text-align: center;\"><strong>AN\u00cdBAL FREIRE<\/strong><br \/> <span style=\"font-size: 10pt;\">Masterclass<\/span><\/p>\n<\/div>\n<\/div><\/div><\/div><div id=\"pgc-646-2-2\"  class=\"panel-grid-cell\" ><div id=\"panel-646-2-2-0\" class=\"so-panel widget panel-first-child\" data-index=\"6\" ><\/div><div id=\"panel-646-2-2-1\" class=\"so-panel widget widget_sow-editor panel-last-child\" data-index=\"7\" ><div id=\"frank-angelis\" class=\"panel-widget-style panel-widget-style-for-646-2-2-1\" ><div\n\t\t\t\n\t\t\tclass=\"so-widget-sow-editor so-widget-sow-editor-base\"\n\t\t\t\n\t\t>\n<div class=\"siteorigin-widget-tinymce textwidget\">\n\t<p style=\"text-align: center;\"><strong>FRANK ANGELIS<\/strong><br \/><span style=\"font-size: 10pt;\">Masterclass<\/span><\/p>\n<\/div>\n<\/div><\/div><\/div><\/div><div id=\"pgc-646-2-3\"  class=\"panel-grid-cell\" ><div id=\"panel-646-2-3-0\" class=\"so-panel widget panel-first-child\" data-index=\"8\" ><\/div><div id=\"panel-646-2-3-1\" class=\"so-panel widget widget_sow-editor panel-last-child\" data-index=\"9\" ><div\n\t\t\t\n\t\t\tclass=\"so-widget-sow-editor so-widget-sow-editor-base\"\n\t\t\t\n\t\t>\n<div class=\"siteorigin-widget-tinymce textwidget\">\n\t<p style=\"text-align: center;\"><strong>DIANA FREIRE<\/strong><br \/><span style=\"font-size: 10pt;\">Yoga para M\u00fasicos<\/span><\/p>\n<\/div>\n<\/div><\/div><\/div><\/div><div id=\"pg-646-3\"  class=\"panel-grid panel-no-style\" ><div id=\"pgc-646-3-0\"  class=\"panel-grid-cell\" ><div id=\"panel-646-3-0-0\" class=\"so-panel widget widget_sow-headline panel-first-child\" data-index=\"10\" ><div\n\t\t\t\n\t\t\tclass=\"so-widget-sow-headline so-widget-sow-headline-default-48dc75831bde-646\"\n\t\t\t\n\t\t><div class=\"sow-headline-container \">\n\t\t\t\t\t\t\t<h1 class=\"sow-headline\">\n\t\t\t\t\t\tApresenta\u00e7\u00e3o\t\t\t\t\t\t<\/h1>\n\t\t\t\t\t\t\t\t\t\t\t<div class=\"decoration\">\n\t\t\t\t\t\t<div class=\"decoration-inside\"><\/div>\n\t\t\t\t\t<\/div>\n\t\t\t\t\t<\/div>\n<\/div><\/div><div id=\"panel-646-3-0-1\" class=\"so-panel widget widget_sow-editor\" data-index=\"11\" ><div\n\t\t\t\n\t\t\tclass=\"so-widget-sow-editor so-widget-sow-editor-base\"\n\t\t\t\n\t\t>\n<div class=\"siteorigin-widget-tinymce textwidget\">\n\t<p class=\"text-justify\" style=\"text-align: justify;\">Nos dias <strong>7 e 8 de Junho\/2018<\/strong>, a Associa\u00e7\u00e3o de Acorde\u00e3o de Portugal vai levar a efeito<strong> 4 Masterclasses<\/strong> convidando, para o efeito, 3 reconhecidos professores \u2013 <strong>Alexander Dmitriev, An\u00edbal Freire, Franck Angelis<\/strong> \u2013 e, pela segunda vez na Semana Internacional do Acorde\u00e3o, teremos duas sess\u00f5es de <strong>Yoga Para M\u00fasicos<\/strong>, dirigidas por Diana Freire.<\/p>\n<p class=\"text-justify\" style=\"text-align: justify;\">Corre\u00e7\u00e3o t\u00e9cnica, interpreta\u00e7\u00e3o e dom\u00ednio do(s) programa(s) apresentados pelos participantes, ser\u00e3o temas e objectivos a alcan\u00e7ar pelos conceituados professores convidados sendo a sess\u00e3o Yoga Para M\u00fasicos uma das melhores formas de se poder transmitir e praticar t\u00e9cnicas de respira\u00e7\u00e3o e controlo mental no sentido de cada participante poder melhorar a concentra\u00e7\u00e3o e mem\u00f3ria, desenvolver for\u00e7a muscular e agilidade para uma melhor t\u00e9cnica a n\u00edvel musical, resist\u00eancia contra poss\u00edveis les\u00f5es e, ainda, poder gerir a ansiedade antes de uma atua\u00e7\u00e3o.<\/p>\n<p class=\"text-justify\" style=\"text-align: justify;\">Estas Masterclasses est\u00e3o integradas na <strong>22\u00aa SEMANA INTERNACIONAL DO ACORDE\u00c3O<\/strong> \u201cAlcoba\u00e7a 2018\u201d (2 a 10 de Junho) complementando uma s\u00e9rie de atividades em que se destacam os concertos (2, 6, 7, 8, 9 e 10 de Junho) e o 23\u00ba Trof\u00e9u Nacional \/ 4\u00ba Concurso Internacional de Acorde\u00e3o (9 e 10 de Junho).<\/p>\n<ol>\n<li>A realizar no grande e nos pequenos audit\u00f3rios do Cine Teatro de Alcoba\u00e7a (dias 7 e 8 de Junho\/2018).<\/li>\n<li>Pretendemos que esta atividade seja extens\u00edvel a estudantes e a professores de Acorde\u00e3o, qualquer que seja a vertente (cl\u00e1ssica ou ligeira) que estude ou que ensine.<\/li>\n<li>Cada participante ativo (executante) ter\u00e1 direito a uma sess\u00e3o de trabalho com dura\u00e7\u00e3o de 50 minutos (aula individualizada) com o Prof. Alexander Dmitriev, com o Prof. An\u00edbal Freire e com o Prof. Franck Angelis em audit\u00f3rios diferentes.<\/li>\n<li>A partir das 18,00h do dia 7 e do dia 8 de Junho, decorrer\u00e3o as sess\u00f5es Yoga Para M\u00fasicos (cada sess\u00e3o ter\u00e1 cerca de 90 minutos) sob dire\u00e7\u00e3o da Prof\u00aa. Diana Freire.<\/li>\n<li>Ap\u00f3s rece\u00e7\u00e3o dos boletins de inscri\u00e7\u00e3o ser\u00e1 dado conhecimento do hor\u00e1rio estabelecido para cada participante ativo (executante), que dever\u00e1 apresentar uma pe\u00e7a ou um programa para ser analisado e trabalhado.<br \/><strong>NOTA:<\/strong> H\u00e1 que ter em aten\u00e7\u00e3o o tempo de apresenta\u00e7\u00e3o do repert\u00f3rio para que seja respeitado o hor\u00e1rio atribu\u00eddo a cada participante ativo (executante).<\/li>\n<li>Para poder frequentar a Masterclass \u00e9 necess\u00e1rio o preenchimento do boletim de inscri\u00e7\u00e3o que dever\u00e1 ser enviado at\u00e9 18 de Maio\/2018.<\/li>\n<li>Atendendo a que existe um n\u00famero limitado de participa\u00e7\u00f5es de executantes, ser\u00e1 dada prioridade aos primeiros formul\u00e1rios recebidos.<\/li>\n<li>O n\u00famero limite de inscri\u00e7\u00f5es de participantes ativos (executantes) para esta masterclass \u00e9 de 12 (doze).<\/li>\n<li>O n\u00famero de participantes ouvintes \u00e9 ilimitado.<\/li>\n<li>Todos os participantes receber\u00e3o um <strong>Certificado de Participa\u00e7\u00e3o<\/strong> com a men\u00e7\u00e3o de participante ativo ou participante ouvinte.<\/li>\n<\/ol>\n<p><strong>ATEN\u00c7\u00c3O:<\/strong> Os participantes ativos (executantes) podem assistir, tamb\u00e9m, como ouvintes n\u00e3o tendo que se limitar, apenas, \u00e0 condi\u00e7\u00e3o de executante.<\/p>\n<\/div>\n<\/div><\/div><div id=\"panel-646-3-0-2\" class=\"so-panel widget widget_sow-button panel-last-child\" data-index=\"12\" ><div\n\t\t\t\n\t\t\tclass=\"so-widget-sow-button so-widget-sow-button-flat-f5f1a2afeadc-646\"\n\t\t\t\n\t\t><div class=\"ow-button-base ow-button-align-center\"\n>\n\t\t\t<a\n\t\t\t\t\thref=\"http:\/\/www.asacord.com\/site\/wp-content\/uploads\/2018\/05\/Masterclasses_2018_port.pdf\"\n\t\t\t\t\tclass=\"sowb-button ow-icon-placement-left ow-button-hover\" target=\"_blank\" rel=\"noopener noreferrer\" \t>\n\t\t<span>\n\t\t\t\n\t\t\tDESCARREGAR FICHA DE INSCRI\u00c7\u00c3O\t\t<\/span>\n\t\t\t<\/a>\n\t<\/div>\n<\/div><\/div><\/div><div id=\"pgc-646-3-1\"  class=\"panel-grid-cell\" ><div id=\"panel-646-3-1-0\" class=\"so-panel widget widget_sow-headline panel-first-child\" data-index=\"13\" ><div\n\t\t\t\n\t\t\tclass=\"so-widget-sow-headline so-widget-sow-headline-default-48dc75831bde-646\"\n\t\t\t\n\t\t><div class=\"sow-headline-container \">\n\t\t\t\t\t\t\t<h1 class=\"sow-headline\">\n\t\t\t\t\t\tPre\u00e7os\t\t\t\t\t\t<\/h1>\n\t\t\t\t\t\t\t\t\t\t\t<div class=\"decoration\">\n\t\t\t\t\t\t<div class=\"decoration-inside\"><\/div>\n\t\t\t\t\t<\/div>\n\t\t\t\t\t<\/div>\n<\/div><\/div><div id=\"panel-646-3-1-1\" class=\"so-panel widget widget_sow-editor\" data-index=\"14\" ><div\n\t\t\t\n\t\t\tclass=\"so-widget-sow-editor so-widget-sow-editor-base\"\n\t\t\t\n\t\t>\n<div class=\"siteorigin-widget-tinymce textwidget\">\n\t<p style=\"text-align: right;\"><strong>Participa\u00e7\u00e3o nas 4 Masterclasses<\/strong><\/p>\n<\/div>\n<\/div><\/div><div id=\"panel-646-3-1-2\" class=\"so-panel widget widget_ink-pricing-table\" data-index=\"15\" ><div\n\t\t\t\n\t\t\tclass=\"so-widget-ink-pricing-table so-widget-ink-pricing-table-pricing-table-5f4bd604b71f-646\"\n\t\t\t\n\t\t>\n<div class=\"iw-so-pricing\">\n\n\t\n\t\t<div class=\"iw-so-pricing-plan iw-so-pricing-two-column\">\n\n\t\t\t<div class=\"iw-so-pricing-title-section\">\n\t\t\t\t\t\t\t\t<h3 class=\"iw-so-pricing-title iw-text-center\">Participante Ouvinte<\/h3>\n\t\t\t\t\t\t\t\t\t<p class=\"iw-so-pricing-title-tag iw-text-center\">Incri\u00e7\u00f5es Ilimitadas<\/p>\n\t\t\t\t\t\t\t<\/div>\n\n\t\t\t<div class=\"iw-so-pricing-price-section\">\n\t\t\t\t\t\t\t\t<p class=\"iw-so-pricing-price iw-text-center\">\n\t\t\t\t\t<span class=\"iw-so-pricing-price-prefix\">\u20ac<\/span>\n\t\t\t\t\t50\t\t\t\t\t<span class=\"iw-so-pricing-price-suffix\"><\/span>\n\t\t\t\t<\/p>\n\t\t\t\t\t\t\t\t\t<p class=\"iw-so-pricing-price-tag iw-text-center\"><\/p>\n\t\t\t\t\t\t\t<\/div>\n\n\t\t\t<div class=\"iw-so-pricing-features-section\">\n\t\t\t\t<ul class=\"iw-text-center\">\n\t\t\t\t\t\t\t\t\t\t\t<li>\n\t\t\t\t\t\t\tDesconto de 10\u20ac para s\u00f3cios da ASACORD\t\t\t\t\t\t<li>\n\t\t\t\t\t\t\t\t\t<\/ul>\n\t\t\t<\/div>\n\n\t\t\t\n\t\t\t<div class=\"iw-so-pricing-button-section\">\n\t\t\t\t\t\t\t<\/div>\n\n\t\t\t\n\t\t<\/div>\n\n\t\n\t\t<div class=\"iw-so-pricing-plan iw-so-pricing-two-column iw-so-pricing-featured\">\n\n\t\t\t<div class=\"iw-so-pricing-title-section\">\n\t\t\t\t\t\t\t\t<h3 class=\"iw-so-pricing-title iw-text-center\">Participante Ativo<\/h3>\n\t\t\t\t\t\t\t\t\t<p class=\"iw-so-pricing-title-tag iw-text-center\">Max 12 Participantes<\/p>\n\t\t\t\t\t\t\t<\/div>\n\n\t\t\t<div class=\"iw-so-pricing-price-section\">\n\t\t\t\t\t\t\t\t<p class=\"iw-so-pricing-price iw-text-center\">\n\t\t\t\t\t<span class=\"iw-so-pricing-price-prefix\">\u20ac<\/span>\n\t\t\t\t\t180\t\t\t\t\t<span class=\"iw-so-pricing-price-suffix\"><\/span>\n\t\t\t\t<\/p>\n\t\t\t\t\t\t\t\t\t<p class=\"iw-so-pricing-price-tag iw-text-center\"><\/p>\n\t\t\t\t\t\t\t<\/div>\n\n\t\t\t<div class=\"iw-so-pricing-features-section\">\n\t\t\t\t<ul class=\"iw-text-center\">\n\t\t\t\t\t\t\t\t\t\t\t<li>\n\t\t\t\t\t\t\tDesconto de 20\u20ac para s\u00f3cios da ASACORD\t\t\t\t\t\t<li>\n\t\t\t\t\t\t\t\t\t<\/ul>\n\t\t\t<\/div>\n\n\t\t\t\n\t\t\t<div class=\"iw-so-pricing-button-section\">\n\t\t\t\t\t\t\t<\/div>\n\n\t\t\t\n\t\t<\/div>\n\n\t\n<\/div>\n<\/div><\/div><div id=\"panel-646-3-1-3\" class=\"widget_text so-panel widget widget_custom_html\" data-index=\"16\" ><h3 class=\"widget-title\">Outros Pre\u00e7os<\/h3><div class=\"textwidget custom-html-widget\"><table class=\"table table-hover table-comparison\">\n                                            <thead>\n                                            <tr>\n                                                <th>&nbsp;<\/th>\n                                                <th>Ouvinte<\/th>\n                                                <th>Participante Ativo<\/th>\n                                            <\/tr>\n                                            <\/thead>\n                                            <tbody>\n                                            <tr>\n                                                <td>A. Dmitriev + A. Freire + F. Angelis + Yoga<\/td>\n                                                <td>\u20ac 50,00<\/td>\n                                                <td>\u20ac 180,00<\/td>\n                                            <\/tr>\n                                            <tr>\n                                                <td>A. Dmitriev + A. Freire + F. Angelis<\/td>\n                                                <td><\/td>\n                                                <td>\u20ac 160,00<\/td>\n                                            <\/tr>\n                                            <tr>\n                                                <td>A. Dmitriev + Yoga<\/td>\n                                                <td><\/td>\n                                                <td>\u20ac 70,00<\/td>\n                                            <\/tr>\n\t\t\t\t\t\t\t\t\t\t\t\t\t\t\t\t\t\t\t\t\t\t<tr>\n                                                <td>A. Freire + Yoga<\/td>\n                                                <td><\/td>\n                                                <td>\u20ac 70,00<\/td>\n                                            <\/tr>\n\t\t\t\t\t\t\t\t\t\t\t\t\t\t\t\t\t\t\t\t\t\t\t<tr>\n                                                <td>F. Angelis + Yoga<\/td>\n                                                <td><\/td>\n                                                <td>\u20ac 70,00<\/td>\n                                            <\/tr>\n                                            <tr>\n                                                <td>A. Dmitriev<\/td>\n                                                <td><\/td>\n                                                <td>\u20ac 50,00<\/td>\n                                            <\/tr>\n                                            <tr>\n                                                <td>A. Freire<\/td>\n                                                <td><\/td>\n                                                <td>\u20ac 50,00<\/td>\n                                            <\/tr>\n\t\t\t\t\t\t\t\t\t\t\t\t\t\t\t\t\t\t\t\t\t\t\t<tr>\n                                                <td>F. Angelis<\/td>\n                                                <td><\/td>\n                                                <td>\u20ac 50,00<\/td>\n                                            <\/tr>\n                                            <tr>\n                                                <td>Yoga para M\u00fasicos<\/td>\n                                                <td>\u20ac 10,00<\/td>\n                                                <td>\u20ac 20,00<\/td>\n                                            <\/tr>\n                                            <\/tbody>\n                                        <\/table><\/div><\/div><div id=\"panel-646-3-1-4\" class=\"so-panel widget widget_sow-editor panel-last-child\" data-index=\"17\" ><div\n\t\t\t\n\t\t\tclass=\"so-widget-sow-editor so-widget-sow-editor-base\"\n\t\t\t\n\t\t><h3 class=\"widget-title\">Condi\u00e7\u00f5es<\/h3>\n<div class=\"siteorigin-widget-tinymce textwidget\">\n\t<p style=\"text-align: justify;\">O pagamento da inscri\u00e7\u00e3o dos participantes ativos (executantes) dever\u00e1 ser efetuado atrav\u00e9s de transfer\u00eancia banc\u00e1ria <span style=\"color: #dab835;\"><strong>mas s\u00f3 quando a Associa\u00e7\u00e3o comunicar (via email) a exist\u00eancia de vaga (m\u00e1ximo de 12 elementos) para a frequ\u00eancia da Masterclass<\/strong><\/span>. Ap\u00f3s esta comunica\u00e7\u00e3o, dever\u00e3o fazer a transfer\u00eancia banc\u00e1ria relativa \u00e0 sua condi\u00e7\u00e3o de participantes ativos e enviar comprovativo da transfer\u00eancia banc\u00e1ria efetuada.<\/p>\n<p style=\"text-align: justify;\">Em rela\u00e7\u00e3o aos participantes ouvintes, dever\u00e3o fazer a transfer\u00eancia banc\u00e1ria at\u00e9 ao dia <strong><span style=\"color: #dab835;\">18 de Maio<\/span><\/strong> pois n\u00e3o haver\u00e1 limite de inscri\u00e7\u00f5es para esses participantes (enviar comprovativo da transfer\u00eancia banc\u00e1ria efetuada para <a href=\"mailto:info.asacord@gmail.com\">info.asacord@gmail .com<\/a>).<\/p>\n<p style=\"text-align: justify;\">O IBAN para o qual dever\u00e1 ser transferido o valor indicado \u00e9 o seguinte:<br \/> <strong><span style=\"color: #dab835;\">PT50 0035 0030 00051707 330 86<\/span><\/strong><\/p>\n<\/div>\n<\/div><\/div><\/div><\/div><\/div>","protected":false},"excerpt":{"rendered":"<p>MASTERCLASSES 22\u00aa Semana Internacional do Acorde\u00e3o 7 e 8 junho 2018 4 MASTERCLASSES ALEXANDER DMITRIEV \/ AN\u00cdBAL FREIRE \/ FRANCK ANGELIS \/ DIANA FREIRE ALEXANDER DMITRIEV Masterclass AN\u00cdBAL FREIRE Masterclass FRANK ANGELISMasterclass DIANA FREIREYoga para M\u00fasicos Apresenta\u00e7\u00e3o Nos dias 7 e 8 de Junho\/2018, a Associa\u00e7\u00e3o de Acorde\u00e3o de Portugal vai levar a efeito 4 [&hellip;]<\/p>\n","protected":false},"author":1,"featured_media":0,"parent":24,"menu_order":0,"comment_status":"closed","ping_status":"closed","template":"home-panels.php","meta":{"footnotes":""},"class_list":["post-646","page","type-page","status-publish","hentry","post"],"_links":{"self":[{"href":"https:\/\/www.asacord.com\/site\/wp-json\/wp\/v2\/pages\/646","targetHints":{"allow":["GET"]}}],"collection":[{"href":"https:\/\/www.asacord.com\/site\/wp-json\/wp\/v2\/pages"}],"about":[{"href":"https:\/\/www.asacord.com\/site\/wp-json\/wp\/v2\/types\/page"}],"author":[{"embeddable":true,"href":"https:\/\/www.asacord.com\/site\/wp-json\/wp\/v2\/users\/1"}],"replies":[{"embeddable":true,"href":"https:\/\/www.asacord.com\/site\/wp-json\/wp\/v2\/comments?post=646"}],"version-history":[{"count":0,"href":"https:\/\/www.asacord.com\/site\/wp-json\/wp\/v2\/pages\/646\/revisions"}],"up":[{"embeddable":true,"href":"https:\/\/www.asacord.com\/site\/wp-json\/wp\/v2\/pages\/24"}],"wp:attachment":[{"href":"https:\/\/www.asacord.com\/site\/wp-json\/wp\/v2\/media?parent=646"}],"curies":[{"name":"wp","href":"https:\/\/api.w.org\/{rel}","templated":true}]}}