{"id":691,"date":"2018-03-20T21:59:37","date_gmt":"2018-03-20T21:59:37","guid":{"rendered":"http:\/\/www.asacord.com\/site\/?page_id=691"},"modified":"2019-03-17T10:03:42","modified_gmt":"2019-03-17T10:03:42","slug":"masterclasses","status":"publish","type":"page","link":"https:\/\/www.asacord.com\/site\/en\/22-i-a-w\/masterclasses\/","title":{"rendered":"Masterclasses (2018)"},"content":{"rendered":"<div id=\"pl-691\"  class=\"panel-layout\" ><div id=\"pg-691-0\"  class=\"panel-grid panel-has-style\" ><div class=\"siteorigin-panels-stretch panel-row-style panel-row-style-for-691-0\" data-stretch-type=\"full-stretched\" ><div id=\"pgc-691-0-0\"  class=\"panel-grid-cell\" ><div id=\"panel-691-0-0-0\" class=\"so-panel widget widget_sow-hero panel-first-child panel-last-child\" data-index=\"0\" ><div\n\t\t\t\n\t\t\tclass=\"so-widget-sow-hero so-widget-sow-hero-default-e01bc60aa1be-691 so-widget-fittext-wrapper\"\n\t\t\t data-fit-text-compressor=\"0.85\"\n\t\t>\t\t\t\t<div class=\"sow-slider-base\" style=\"display: none\" tabindex=\"0\">\n\t\t\t\t\t<ul\n\t\t\t\t\tclass=\"sow-slider-images\"\n\t\t\t\t\tdata-settings=\"{&quot;pagination&quot;:true,&quot;speed&quot;:800,&quot;timeout&quot;:8000,&quot;paused&quot;:false,&quot;pause_on_hover&quot;:false,&quot;swipe&quot;:true,&quot;nav_always_show_desktop&quot;:&quot;&quot;,&quot;nav_always_show_mobile&quot;:&quot;&quot;,&quot;breakpoint&quot;:&quot;780px&quot;,&quot;unmute&quot;:false,&quot;anchor&quot;:null}\"\n\t\t\t\t\t\t\t\t\t\tdata-anchor-id=\"\"\n\t\t\t\t>\t\t<li class=\"sow-slider-image  sow-slider-image-cover\" style=\"visibility: visible;;background-color: #333333;background-image: url(https:\/\/www.asacord.com\/site\/wp-content\/uploads\/2017\/12\/slider_07-1.jpg)\" >\n\t\t\t\t\t<div class=\"sow-slider-image-container\">\n\t\t\t<div class=\"sow-slider-image-wrapper\">\n\t\t\t\t<h3>MASTERCLASSES<\/h3>\n<h5>22nd International Accordion Week<\/h5>\n<h5>june 1-2<\/h5>\n\t\t\t<\/div>\n\t\t<\/div>\n\t\t\t\t<\/li>\n\t\t<\/ul>\t\t\t\t<ol class=\"sow-slider-pagination\">\n\t\t\t\t\t\t\t\t\t\t\t<li><a href=\"#\" data-goto=\"0\" aria-label=\"Display slide 1\"><\/a><\/li>\n\t\t\t\t\t\t\t\t\t<\/ol>\n\n\t\t\t\t<div class=\"sow-slide-nav sow-slide-nav-next\">\n\t\t\t\t\t<a href=\"#\" data-goto=\"next\" aria-label=\"Next slide\" data-action=\"next\">\n\t\t\t\t\t\t<em class=\"sow-sld-icon-thin-right\"><\/em>\n\t\t\t\t\t<\/a>\n\t\t\t\t<\/div>\n\n\t\t\t\t<div class=\"sow-slide-nav sow-slide-nav-prev\">\n\t\t\t\t\t<a href=\"#\" data-goto=\"previous\" aria-label=\"Previous slide\" data-action=\"prev\">\n\t\t\t\t\t\t<em class=\"sow-sld-icon-thin-left\"><\/em>\n\t\t\t\t\t<\/a>\n\t\t\t\t<\/div>\n\t\t\t\t<\/div><\/div><\/div><\/div><\/div><\/div><div id=\"pg-691-1\"  class=\"panel-grid panel-no-style\" ><div id=\"pgc-691-1-0\"  class=\"panel-grid-cell\" ><div id=\"panel-691-1-0-0\" class=\"so-panel widget widget_sow-headline panel-first-child panel-last-child\" data-index=\"1\" ><div\n\t\t\t\n\t\t\tclass=\"so-widget-sow-headline so-widget-sow-headline-default-3fa65613f4ab-691\"\n\t\t\t\n\t\t><div class=\"sow-headline-container \">\n\t\t\t\t\t\t\t<h1 class=\"sow-headline\">\n\t\t\t\t\t\t4 MASTERCLASSES\t\t\t\t\t\t<\/h1>\n\t\t\t\t\t\t\t\t\t\t\t\t<h3 class=\"sow-sub-headline\">\n\t\t\t\t\t\tALEXANDER DMITRIEV \/ AN\u00cdBAL FREIRE \/ FRANCK ANGELIS \/ DIANA FREIRE\t\t\t\t\t\t<\/h3>\n\t\t\t\t\t\t\t\t\t\t\t<div class=\"decoration\">\n\t\t\t\t\t\t<div class=\"decoration-inside\"><\/div>\n\t\t\t\t\t<\/div>\n\t\t\t\t\t<\/div>\n<\/div><\/div><\/div><\/div><div id=\"pg-691-2\"  class=\"panel-grid panel-no-style\" ><div id=\"pgc-691-2-0\"  class=\"panel-grid-cell\" ><div id=\"panel-691-2-0-0\" class=\"so-panel widget panel-first-child\" data-index=\"2\" ><\/div><div id=\"panel-691-2-0-1\" class=\"so-panel widget widget_sow-editor panel-last-child\" data-index=\"3\" ><div\n\t\t\t\n\t\t\tclass=\"so-widget-sow-editor so-widget-sow-editor-base\"\n\t\t\t\n\t\t>\n<div class=\"siteorigin-widget-tinymce textwidget\">\n\t<p style=\"text-align: center;\"><strong>ALEXANDER DMITRIEV<\/strong><br \/> <span style=\"font-size: 10pt;\">Masterclass<\/span><\/p>\n<\/div>\n<\/div><\/div><\/div><div id=\"pgc-691-2-1\"  class=\"panel-grid-cell\" ><div id=\"panel-691-2-1-0\" class=\"so-panel widget panel-first-child\" data-index=\"4\" ><\/div><div id=\"panel-691-2-1-1\" class=\"so-panel widget widget_sow-editor panel-last-child\" data-index=\"5\" ><div\n\t\t\t\n\t\t\tclass=\"so-widget-sow-editor so-widget-sow-editor-base\"\n\t\t\t\n\t\t>\n<div class=\"siteorigin-widget-tinymce textwidget\">\n\t<p style=\"text-align: center;\"><strong>AN\u00cdBAL FREIRE<\/strong><br \/> <span style=\"font-size: 10pt;\">Masterclass<\/span><\/p>\n<\/div>\n<\/div><\/div><\/div><div id=\"pgc-691-2-2\"  class=\"panel-grid-cell\" ><div id=\"panel-691-2-2-0\" class=\"so-panel widget panel-first-child\" data-index=\"6\" ><\/div><div id=\"panel-691-2-2-1\" class=\"so-panel widget widget_sow-editor panel-last-child\" data-index=\"7\" ><div id=\"frank-angelis\" class=\"panel-widget-style panel-widget-style-for-691-2-2-1\" ><div\n\t\t\t\n\t\t\tclass=\"so-widget-sow-editor so-widget-sow-editor-base\"\n\t\t\t\n\t\t>\n<div class=\"siteorigin-widget-tinymce textwidget\">\n\t<p style=\"text-align: center;\"><strong>FRANK ANGELIS<\/strong><br \/><span style=\"font-size: 10pt;\">Masterclass<\/span><\/p>\n<\/div>\n<\/div><\/div><\/div><\/div><div id=\"pgc-691-2-3\"  class=\"panel-grid-cell\" ><div id=\"panel-691-2-3-0\" class=\"so-panel widget panel-first-child\" data-index=\"8\" ><\/div><div id=\"panel-691-2-3-1\" class=\"so-panel widget widget_sow-editor panel-last-child\" data-index=\"9\" ><div\n\t\t\t\n\t\t\tclass=\"so-widget-sow-editor so-widget-sow-editor-base\"\n\t\t\t\n\t\t>\n<div class=\"siteorigin-widget-tinymce textwidget\">\n\t<p style=\"text-align: center;\"><strong>DIANA FREIRE<\/strong><br \/><span style=\"font-size: 10pt;\">Yoga para M\u00fasicos<\/span><\/p>\n<\/div>\n<\/div><\/div><\/div><\/div><div id=\"pg-691-3\"  class=\"panel-grid panel-no-style\" ><div id=\"pgc-691-3-0\"  class=\"panel-grid-cell\" ><div id=\"panel-691-3-0-0\" class=\"so-panel widget widget_sow-headline panel-first-child\" data-index=\"10\" ><div\n\t\t\t\n\t\t\tclass=\"so-widget-sow-headline so-widget-sow-headline-default-48dc75831bde-691\"\n\t\t\t\n\t\t><div class=\"sow-headline-container \">\n\t\t\t\t\t\t\t<h1 class=\"sow-headline\">\n\t\t\t\t\t\tIntroduction\t\t\t\t\t\t<\/h1>\n\t\t\t\t\t\t\t\t\t\t\t<div class=\"decoration\">\n\t\t\t\t\t\t<div class=\"decoration-inside\"><\/div>\n\t\t\t\t\t<\/div>\n\t\t\t\t\t<\/div>\n<\/div><\/div><div id=\"panel-691-3-0-1\" class=\"so-panel widget widget_sow-editor\" data-index=\"11\" ><div\n\t\t\t\n\t\t\tclass=\"so-widget-sow-editor so-widget-sow-editor-base\"\n\t\t\t\n\t\t>\n<div class=\"siteorigin-widget-tinymce textwidget\">\n\t<p class=\"text-justify\" style=\"text-align: justify;\">On <strong>June 7th and 8th 2018<\/strong>, an Associa\u00e7\u00e3o de Acorde\u00e3o de Portugal will carry out <strong>4 Masterclasses<\/strong>, inviting 3 recognized professors - <strong>Alexander Dmitriev, An\u00edbal Freire, Franck Angelis<\/strong> - and for the second time in the International Accordion, we will have two sessions of Yoga for Musicians, directed by <strong>Diana Freire<\/strong>.<\/p>\n<p class=\"text-justify\" style=\"text-align: justify;\">Technical correction, interpretation and mastery of the program (s) enunciated by themes, objectives and objectives by concepts with invited teachers, and the Yoga for Musicians session is one of the best ways to be able to transmit and practice breathing and mental control techniques so each participant can improve concentration and memory, develop muscular strength and agility to better musical technique, resistance against possible injuries and also be able to manage anxiety before a concert or audition.<\/p>\n<p class=\"text-justify\" style=\"text-align: justify;\">These masterclasses are integrated in the 22nd SEMANA INTERNACIONAL DO ACORDE\u00c3O \"Alcoba\u00e7a 2018\" (June 2nd to 10th), complementing a series of activities of which we highlight the concerts (2nd, 6th, 7th, 8th, 9th and 10th June) and the 23rd National Trophy \/ 4th International Accordion Competition (9th and 10th June).<\/p>\n<ol>\n<li class=\"text-justify\" style=\"text-align: justify;\">To be held in the large and small auditoriums of Cine Teatro de Alcoba\u00e7a (June 7 and 8, 2018).<\/li>\n<li class=\"text-justify\" style=\"text-align: justify;\">We want this activity to be extended to students and teachers of Accordion, regardless of the (classical or ligeira) style that he\/she studies or teaches.<\/li>\n<li class=\"text-justify\" style=\"text-align: justify;\">Each active participant will be entitled to a 50-minute work session (individualized lesson) with Prof. Alexander Dmitriev, with Prof. An\u00edbal Freire and Prof. Franck Angelis in different auditoriums.<\/li>\n<li class=\"text-justify\" style=\"text-align: justify;\">Starting at 6:00 p.m. on 7th and 8th June, the sessions for Yoga for Musicians will take place (each session will take about 90 minutes) under the direction of Prof\u00aa. Diana Freire.<\/li>\n<li class=\"text-justify\" style=\"text-align: justify;\">Upon receipt of the registration forms, the timetable established for each active participant will be announced and he\/she must present a piece or a program to be analyzed and worked on.<br \/><strong>NOTE<\/strong>: It is necessary to take into consideration the time of presentation of the repertoire so that the time allotted to each active participant is respected.<\/li>\n<li class=\"text-justify\" style=\"text-align: justify;\">In order to attend the Masterclass it is necessary to fill out the application form, which must be sent by May 18, 2018.<\/li>\n<li class=\"text-justify\" style=\"text-align: justify;\">Given that there is a limited number of players' performances, priority will be given to the first forms received.<\/li>\n<li class=\"text-justify\" style=\"text-align: justify;\">The limit number of registrations of active participants for this masterclass is 12 (twelve).<\/li>\n<li class=\"text-justify\" style=\"text-align: justify;\">The number of listening participants is unlimited.<\/li>\n<li>All participants will receive a <strong>Certificate of Participation<\/strong> with the mention of active participant or listener participant.<\/li>\n<\/ol>\n<p><strong>ATTENTION:<\/strong> Active participants (performers) can also watch as listeners not only having to be a performer.<\/p>\n<\/div>\n<\/div><\/div><div id=\"panel-691-3-0-2\" class=\"so-panel widget widget_sow-button panel-last-child\" data-index=\"12\" ><div\n\t\t\t\n\t\t\tclass=\"so-widget-sow-button so-widget-sow-button-flat-f5f1a2afeadc-691\"\n\t\t\t\n\t\t><div class=\"ow-button-base ow-button-align-center\"\n>\n\t\t\t<a\n\t\t\t\t\thref=\"http:\/\/www.asacord.com\/site\/wp-content\/uploads\/2018\/03\/Masterclasses_2018_en.pdf\"\n\t\t\t\t\tclass=\"sowb-button ow-icon-placement-left ow-button-hover\" target=\"_blank\" rel=\"noopener noreferrer\" \t>\n\t\t<span>\n\t\t\t\n\t\t\tDOWNLOAD REGISTRATION FORM\t\t<\/span>\n\t\t\t<\/a>\n\t<\/div>\n<\/div><\/div><\/div><div id=\"pgc-691-3-1\"  class=\"panel-grid-cell\" ><div id=\"panel-691-3-1-0\" class=\"so-panel widget widget_sow-headline panel-first-child\" data-index=\"13\" ><div\n\t\t\t\n\t\t\tclass=\"so-widget-sow-headline so-widget-sow-headline-default-48dc75831bde-691\"\n\t\t\t\n\t\t><div class=\"sow-headline-container \">\n\t\t\t\t\t\t\t<h1 class=\"sow-headline\">\n\t\t\t\t\t\tPrices\t\t\t\t\t\t<\/h1>\n\t\t\t\t\t\t\t\t\t\t\t<div class=\"decoration\">\n\t\t\t\t\t\t<div class=\"decoration-inside\"><\/div>\n\t\t\t\t\t<\/div>\n\t\t\t\t\t<\/div>\n<\/div><\/div><div id=\"panel-691-3-1-1\" class=\"so-panel widget widget_sow-editor\" data-index=\"14\" ><div\n\t\t\t\n\t\t\tclass=\"so-widget-sow-editor so-widget-sow-editor-base\"\n\t\t\t\n\t\t>\n<div class=\"siteorigin-widget-tinymce textwidget\">\n\t<p style=\"text-align: right;\"><strong>Participation in the 4 Masterclasses<\/strong><\/p>\n<\/div>\n<\/div><\/div><div id=\"panel-691-3-1-2\" class=\"so-panel widget widget_ink-pricing-table\" data-index=\"15\" ><div\n\t\t\t\n\t\t\tclass=\"so-widget-ink-pricing-table so-widget-ink-pricing-table-pricing-table-5f4bd604b71f-691\"\n\t\t\t\n\t\t>\n<div class=\"iw-so-pricing\">\n\n\t\n\t\t<div class=\"iw-so-pricing-plan iw-so-pricing-two-column\">\n\n\t\t\t<div class=\"iw-so-pricing-title-section\">\n\t\t\t\t\t\t\t\t<h3 class=\"iw-so-pricing-title iw-text-center\">Listening Participant<\/h3>\n\t\t\t\t\t\t\t\t\t<p class=\"iw-so-pricing-title-tag iw-text-center\">Unlimited Subscriptions<\/p>\n\t\t\t\t\t\t\t<\/div>\n\n\t\t\t<div class=\"iw-so-pricing-price-section\">\n\t\t\t\t\t\t\t\t<p class=\"iw-so-pricing-price iw-text-center\">\n\t\t\t\t\t<span class=\"iw-so-pricing-price-prefix\">\u20ac<\/span>\n\t\t\t\t\t50\t\t\t\t\t<span class=\"iw-so-pricing-price-suffix\"><\/span>\n\t\t\t\t<\/p>\n\t\t\t\t\t\t\t\t\t<p class=\"iw-so-pricing-price-tag iw-text-center\"><\/p>\n\t\t\t\t\t\t\t<\/div>\n\n\t\t\t<div class=\"iw-so-pricing-features-section\">\n\t\t\t\t<ul class=\"iw-text-center\">\n\t\t\t\t\t\t\t\t\t\t\t<li>\n\t\t\t\t\t\t\t10\u20ac Discount for ASACORD members\t\t\t\t\t\t<li>\n\t\t\t\t\t\t\t\t\t<\/ul>\n\t\t\t<\/div>\n\n\t\t\t\n\t\t\t<div class=\"iw-so-pricing-button-section\">\n\t\t\t\t\t\t\t<\/div>\n\n\t\t\t\n\t\t<\/div>\n\n\t\n\t\t<div class=\"iw-so-pricing-plan iw-so-pricing-two-column iw-so-pricing-featured\">\n\n\t\t\t<div class=\"iw-so-pricing-title-section\">\n\t\t\t\t\t\t\t\t<h3 class=\"iw-so-pricing-title iw-text-center\">Active Participant<\/h3>\n\t\t\t\t\t\t\t\t\t<p class=\"iw-so-pricing-title-tag iw-text-center\">Max 12 Subscriptions<\/p>\n\t\t\t\t\t\t\t<\/div>\n\n\t\t\t<div class=\"iw-so-pricing-price-section\">\n\t\t\t\t\t\t\t\t<p class=\"iw-so-pricing-price iw-text-center\">\n\t\t\t\t\t<span class=\"iw-so-pricing-price-prefix\">\u20ac<\/span>\n\t\t\t\t\t180\t\t\t\t\t<span class=\"iw-so-pricing-price-suffix\"><\/span>\n\t\t\t\t<\/p>\n\t\t\t\t\t\t\t\t\t<p class=\"iw-so-pricing-price-tag iw-text-center\"><\/p>\n\t\t\t\t\t\t\t<\/div>\n\n\t\t\t<div class=\"iw-so-pricing-features-section\">\n\t\t\t\t<ul class=\"iw-text-center\">\n\t\t\t\t\t\t\t\t\t\t\t<li>\n\t\t\t\t\t\t\t20\u20ac Discount for ASACORD members\t\t\t\t\t\t<li>\n\t\t\t\t\t\t\t\t\t<\/ul>\n\t\t\t<\/div>\n\n\t\t\t\n\t\t\t<div class=\"iw-so-pricing-button-section\">\n\t\t\t\t\t\t\t<\/div>\n\n\t\t\t\n\t\t<\/div>\n\n\t\n<\/div>\n<\/div><\/div><div id=\"panel-691-3-1-3\" class=\"widget_text so-panel widget widget_custom_html\" data-index=\"16\" ><h3 class=\"widget-title\">Outros Pre\u00e7os<\/h3><div class=\"textwidget custom-html-widget\"><table class=\"table table-hover table-comparison\">\n                                            <thead>\n                                            <tr>\n                                                <th>&nbsp;<\/th>\n                                                <th>Listening Participant<\/th>\n                                                <th>Active Participant<\/th>\n                                            <\/tr>\n                                            <\/thead>\n                                            <tbody>\n                                            <tr>\n                                                <td>A. Dmitriev + A. Freire + F. Angelis + Yoga<\/td>\n                                                <td>\u20ac 50,00<\/td>\n                                                <td>\u20ac 180,00<\/td>\n                                            <\/tr>\n                                            <tr>\n                                                <td>A. Dmitriev + A. Freire + F. Angelis<\/td>\n                                                <td><\/td>\n                                                <td>\u20ac 160,00<\/td>\n                                            <\/tr>\n                                            <tr>\n                                                <td>A. Dmitriev + Yoga<\/td>\n                                                <td><\/td>\n                                                <td>\u20ac 70,00<\/td>\n                                            <\/tr>\n\t\t\t\t\t\t\t\t\t\t\t\t\t\t\t\t\t\t\t\t\t\t<tr>\n                                                <td>A. Freire + Yoga<\/td>\n                                                <td><\/td>\n                                                <td>\u20ac 70,00<\/td>\n                                            <\/tr>\n\t\t\t\t\t\t\t\t\t\t\t\t\t\t\t\t\t\t\t\t\t\t\t<tr>\n                                                <td>F. Angelis + Yoga<\/td>\n                                                <td><\/td>\n                                                <td>\u20ac 70,00<\/td>\n                                            <\/tr>\n                                            <tr>\n                                                <td>A. Dmitriev<\/td>\n                                                <td><\/td>\n                                                <td>\u20ac 50,00<\/td>\n                                            <\/tr>\n                                            <tr>\n                                                <td>A. Freire<\/td>\n                                                <td><\/td>\n                                                <td>\u20ac 50,00<\/td>\n                                            <\/tr>\n\t\t\t\t\t\t\t\t\t\t\t\t\t\t\t\t\t\t\t\t\t\t\t<tr>\n                                                <td>F. Angelis<\/td>\n                                                <td><\/td>\n                                                <td>\u20ac 50,00<\/td>\n                                            <\/tr>\n                                            <tr>\n                                                <td>Yoga<\/td>\n                                                <td>\u20ac 10,00<\/td>\n                                                <td>\u20ac 20,00<\/td>\n                                            <\/tr>\n                                            <\/tbody>\n                                        <\/table><\/div><\/div><div id=\"panel-691-3-1-4\" class=\"so-panel widget widget_sow-editor panel-last-child\" data-index=\"17\" ><div\n\t\t\t\n\t\t\tclass=\"so-widget-sow-editor so-widget-sow-editor-base\"\n\t\t\t\n\t\t><h3 class=\"widget-title\">Terms &amp; Conditions:<\/h3>\n<div class=\"siteorigin-widget-tinymce textwidget\">\n\t<p class=\"text-justify\">Active participants (Performers) registration payment shall be made by wire transfer<strong><span class=\"color t700\" style=\"color: #dab835;\"> but only after ASACORD confirm via e-mail the existence of vacancy to attend the Masterclass (max 12 participants).<\/span><\/strong> After ASACORD confirmation, active participants should send proof of the wire transfer.<\/p>\n<p class=\"text-justify\">Listening participants must make the wire transfer until the <strong><span class=\"color t700\" style=\"color: #dab835;\">18th of May<\/span><\/strong> as there will be no limit of registrations for these participants (send proof of the wire transfer to <a class=\"color\" href=\"mailto:info.asacord@gmail.com\" target=\"_blank\" rel=\"noopener\">info.asacord@gmail .com<\/a>).<\/p>\n<p class=\"text-justify\">Please use this IBAN for your wire transfers:<br \/><span style=\"color: #dab835;\"><strong>PT50 0035 0030 00051707 330 86<\/strong><\/span><\/p>\n<\/div>\n<\/div><\/div><\/div><\/div><\/div>","protected":false},"excerpt":{"rendered":"<p>MASTERCLASSES 22nd International Accordion Week june 1-2 4 MASTERCLASSES ALEXANDER DMITRIEV \/ AN\u00cdBAL FREIRE \/ FRANCK ANGELIS \/ DIANA FREIRE ALEXANDER DMITRIEV Masterclass AN\u00cdBAL FREIRE Masterclass FRANK ANGELISMasterclass DIANA FREIREYoga para M\u00fasicos Introduction On June 7th and 8th 2018, an Associa\u00e7\u00e3o de Acorde\u00e3o de Portugal will carry out 4 Masterclasses, inviting 3 recognized professors &#8211; [&hellip;]<\/p>\n","protected":false},"author":1,"featured_media":0,"parent":552,"menu_order":0,"comment_status":"closed","ping_status":"closed","template":"home-panels.php","meta":{"footnotes":""},"class_list":["post-691","page","type-page","status-publish","hentry","post"],"_links":{"self":[{"href":"https:\/\/www.asacord.com\/site\/wp-json\/wp\/v2\/pages\/691","targetHints":{"allow":["GET"]}}],"collection":[{"href":"https:\/\/www.asacord.com\/site\/wp-json\/wp\/v2\/pages"}],"about":[{"href":"https:\/\/www.asacord.com\/site\/wp-json\/wp\/v2\/types\/page"}],"author":[{"embeddable":true,"href":"https:\/\/www.asacord.com\/site\/wp-json\/wp\/v2\/users\/1"}],"replies":[{"embeddable":true,"href":"https:\/\/www.asacord.com\/site\/wp-json\/wp\/v2\/comments?post=691"}],"version-history":[{"count":0,"href":"https:\/\/www.asacord.com\/site\/wp-json\/wp\/v2\/pages\/691\/revisions"}],"up":[{"embeddable":true,"href":"https:\/\/www.asacord.com\/site\/wp-json\/wp\/v2\/pages\/552"}],"wp:attachment":[{"href":"https:\/\/www.asacord.com\/site\/wp-json\/wp\/v2\/media?parent=691"}],"curies":[{"name":"wp","href":"https:\/\/api.w.org\/{rel}","templated":true}]}}